{"id":340,"date":"2014-02-06T20:29:41","date_gmt":"2014-02-06T19:29:41","guid":{"rendered":"http:\/\/robertolopezmartin.com\/?page_id=340"},"modified":"2017-09-05T00:27:07","modified_gmt":"2017-09-04T23:27:07","slug":"2014juegue-con-ellos-dele-ud-tambien-es-un-pelucheplay-with-them-give-you-a-stuffed-animal-is-also","status":"publish","type":"page","link":"https:\/\/robertolopezmartin.com\/?page_id=340","title":{"rendered":"\u00a1Juegue con ellos! Dele Ud. Tambi\u00e9n es un peluche\/Play with them! Give you a stuffed animal is also"},"content":{"rendered":"<p>\u00a1Juegue con ellos! Dele Ud. Tambi\u00e9n es un peluche: \u00a1Aseg\u00farese que no est\u00e9 todo predeterminado!<\/p>\n<p>El juguete es un concepto imprescindible y en el que toma su m\u00e1ximo valor en el contexto del desarrollo humano. Es a trav\u00e9s del juguete que los ni\u00f1os exploran, descubren, aprenden e interact\u00faan con m\u00faltiples objetos y problemas que forman una parte importante de su adecuado desarrollo como individuos.<\/p>\n<p>El compa\u00f1ero se convierte en la pantalla donde se proyectan sus propios estados emocionales que, de esta manera, pueden ser articulados y as\u00ed se los puede manejar. Los peluches est\u00e1n all\u00ed cuando los ni\u00f1os sienten que han sido dejados solos, les dan un firme equilibrio y funcionan como compa\u00f1eros de conversaci\u00f3n y de esta manera contribuyen, a tener resistencia psicol\u00f3gica.<br \/>\nSin embargo en la \u00e9poca actual, el juego se ha supeditado a las grandes corporaciones y grandes marcas que utilizan los juguetes para fomentar un sistema de vida, marcando patrones y h\u00e1bitos de consumo, no dejando sitio a esta relaci\u00f3n ya que el producto lleva la voz cantante.<br \/>\nPersonajes de este tipo est\u00e1n presentes hoy en d\u00eda en todo tipo de series animadas, pel\u00edculas, videojuegos e incluso como mascotas deportivas o logotipos empresariales. Estos personajes aparecen con la misi\u00f3n de contagiar ciertas caracter\u00edsticas o comportamientos, atribuidos por humanos, a la persona o conjunto de personas que representa.<\/p>\n<p>Eso es la figura del ni\u00f1o, es una necesidad de demanda, la deshumanizaci\u00f3n del juguete y la colectividad, es la piedra angular de todo sistema capital y de la globalizaci\u00f3n.<br \/>\nA trav\u00e9s de estas obras planteo la simbiosis entre los ni\u00f1os, las marcas, y los juegos, estas dos \u00faltimas se encargan de alienar los sistemas del ni\u00f1o y limitando su sistema de relaci\u00f3n social. Cambi\u00e1ndolo, transform\u00e1ndolo hasta tal punto que se desfigura su propia ni\u00f1ez. Es decir, prepara al ni\u00f1o para un nuevo rol, y lo que queda es la creaci\u00f3n en collage de distintos h\u00e1bitos, consumistas .El ni\u00f1o queda en \u00faltima instancia, detr\u00e1s de la mara\u00f1a, la dislocaci\u00f3n de la manipulaci\u00f3n sufrida y as\u00ed pueden servir como una especie de comunicador de producto y mediador entre padres e hijos.<\/p>\n<p>El ni\u00f1o, detr\u00e1s de la m\u00e1scara creada de la falsa ni\u00f1ez se convierte en una serie, una referencia de catalogo, una especie de avatar o una representaci\u00f3n gr\u00e1fica, totalmente distorsionada que se asocia a un usuario para su futura identificaci\u00f3n en su demandad. Se posiciona detr\u00e1s del juguete\u2013producto adquiriendo esos valores potenciando la anestesia emocional y siguiendo la pauta de, lo que denominamos redes sociales.<\/p>\n<div id='gallery-1' class='gallery galleryid-340 gallery-columns-3 gallery-size-thumbnail'><figure class='gallery-item'>\n\t\t\t<div class='gallery-icon landscape'>\n\t\t\t\t<a href='https:\/\/robertolopezmartin.com\/wp-content\/uploads\/2014\/02\/COLLAGE-PELUCHE4.jpg'><img loading=\"lazy\" decoding=\"async\" width=\"150\" height=\"150\" src=\"https:\/\/robertolopezmartin.com\/wp-content\/uploads\/2014\/02\/COLLAGE-PELUCHE4-150x150.jpg\" class=\"attachment-thumbnail size-thumbnail\" alt=\"\" aria-describedby=\"gallery-1-403\" srcset=\"https:\/\/robertolopezmartin.com\/wp-content\/uploads\/2014\/02\/COLLAGE-PELUCHE4-150x150.jpg 150w, https:\/\/robertolopezmartin.com\/wp-content\/uploads\/2014\/02\/COLLAGE-PELUCHE4-100x100.jpg 100w, https:\/\/robertolopezmartin.com\/wp-content\/uploads\/2014\/02\/COLLAGE-PELUCHE4-210x210.jpg 210w\" sizes=\"auto, (max-width: 150px) 100vw, 150px\" \/><\/a>\n\t\t\t<\/div>\n\t\t\t\t<figcaption class='wp-caption-text gallery-caption' id='gallery-1-403'>\n\t\t\t\tNi\u00f1os -peluche 4_ceras y collage sobre papel_21x 29,7cm\n\t\t\t\t<\/figcaption><\/figure><figure class='gallery-item'>\n\t\t\t<div class='gallery-icon landscape'>\n\t\t\t\t<a href='https:\/\/robertolopezmartin.com\/wp-content\/uploads\/2013\/08\/PELUCHE-COLLAGE-7.jpg'><img loading=\"lazy\" decoding=\"async\" width=\"150\" height=\"150\" src=\"https:\/\/robertolopezmartin.com\/wp-content\/uploads\/2013\/08\/PELUCHE-COLLAGE-7-150x150.jpg\" class=\"attachment-thumbnail size-thumbnail\" alt=\"\" aria-describedby=\"gallery-1-382\" srcset=\"https:\/\/robertolopezmartin.com\/wp-content\/uploads\/2013\/08\/PELUCHE-COLLAGE-7-150x150.jpg 150w, https:\/\/robertolopezmartin.com\/wp-content\/uploads\/2013\/08\/PELUCHE-COLLAGE-7-100x100.jpg 100w, https:\/\/robertolopezmartin.com\/wp-content\/uploads\/2013\/08\/PELUCHE-COLLAGE-7-210x210.jpg 210w\" sizes=\"auto, (max-width: 150px) 100vw, 150px\" \/><\/a>\n\t\t\t<\/div>\n\t\t\t\t<figcaption class='wp-caption-text gallery-caption' id='gallery-1-382'>\n\t\t\t\tNi\u00f1os -peluche 7_ceras y collage sobre papel_21x 29,7cm\n\t\t\t\t<\/figcaption><\/figure><figure class='gallery-item'>\n\t\t\t<div class='gallery-icon landscape'>\n\t\t\t\t<a href='https:\/\/robertolopezmartin.com\/wp-content\/uploads\/2013\/08\/PELUCHE-COLLAGE-6.jpg'><img loading=\"lazy\" decoding=\"async\" width=\"150\" height=\"150\" src=\"https:\/\/robertolopezmartin.com\/wp-content\/uploads\/2013\/08\/PELUCHE-COLLAGE-6-150x150.jpg\" class=\"attachment-thumbnail size-thumbnail\" alt=\"\" aria-describedby=\"gallery-1-381\" srcset=\"https:\/\/robertolopezmartin.com\/wp-content\/uploads\/2013\/08\/PELUCHE-COLLAGE-6-150x150.jpg 150w, https:\/\/robertolopezmartin.com\/wp-content\/uploads\/2013\/08\/PELUCHE-COLLAGE-6-100x100.jpg 100w, https:\/\/robertolopezmartin.com\/wp-content\/uploads\/2013\/08\/PELUCHE-COLLAGE-6-210x210.jpg 210w\" sizes=\"auto, (max-width: 150px) 100vw, 150px\" \/><\/a>\n\t\t\t<\/div>\n\t\t\t\t<figcaption class='wp-caption-text gallery-caption' id='gallery-1-381'>\n\t\t\t\tNi\u00f1os -peluche 6_ceras y collage sobre papel_21x 29,7cm\n\t\t\t\t<\/figcaption><\/figure><figure class='gallery-item'>\n\t\t\t<div class='gallery-icon landscape'>\n\t\t\t\t<a href='https:\/\/robertolopezmartin.com\/wp-content\/uploads\/2013\/08\/PELUCHE-COLLAGE-5.jpg'><img loading=\"lazy\" decoding=\"async\" width=\"150\" height=\"150\" src=\"https:\/\/robertolopezmartin.com\/wp-content\/uploads\/2013\/08\/PELUCHE-COLLAGE-5-150x150.jpg\" class=\"attachment-thumbnail size-thumbnail\" alt=\"\" aria-describedby=\"gallery-1-380\" srcset=\"https:\/\/robertolopezmartin.com\/wp-content\/uploads\/2013\/08\/PELUCHE-COLLAGE-5-150x150.jpg 150w, https:\/\/robertolopezmartin.com\/wp-content\/uploads\/2013\/08\/PELUCHE-COLLAGE-5-100x100.jpg 100w, https:\/\/robertolopezmartin.com\/wp-content\/uploads\/2013\/08\/PELUCHE-COLLAGE-5-210x210.jpg 210w\" sizes=\"auto, (max-width: 150px) 100vw, 150px\" \/><\/a>\n\t\t\t<\/div>\n\t\t\t\t<figcaption class='wp-caption-text gallery-caption' id='gallery-1-380'>\n\t\t\t\tNi\u00f1os -peluche 5_ceras y collage sobre papel_21x 29,7cm\n\t\t\t\t<\/figcaption><\/figure><figure class='gallery-item'>\n\t\t\t<div class='gallery-icon landscape'>\n\t\t\t\t<a href='https:\/\/robertolopezmartin.com\/wp-content\/uploads\/2014\/02\/COLLAGE-PELUCHE-2.jpg'><img loading=\"lazy\" decoding=\"async\" width=\"150\" height=\"150\" src=\"https:\/\/robertolopezmartin.com\/wp-content\/uploads\/2014\/02\/COLLAGE-PELUCHE-2-150x150.jpg\" class=\"attachment-thumbnail size-thumbnail\" alt=\"\" aria-describedby=\"gallery-1-405\" srcset=\"https:\/\/robertolopezmartin.com\/wp-content\/uploads\/2014\/02\/COLLAGE-PELUCHE-2-150x150.jpg 150w, https:\/\/robertolopezmartin.com\/wp-content\/uploads\/2014\/02\/COLLAGE-PELUCHE-2-100x100.jpg 100w, https:\/\/robertolopezmartin.com\/wp-content\/uploads\/2014\/02\/COLLAGE-PELUCHE-2-210x210.jpg 210w\" sizes=\"auto, (max-width: 150px) 100vw, 150px\" \/><\/a>\n\t\t\t<\/div>\n\t\t\t\t<figcaption class='wp-caption-text gallery-caption' id='gallery-1-405'>\n\t\t\t\tNi\u00f1os -peluche 2_ceras y collage sobre papel_21x 29,7cm\n\t\t\t\t<\/figcaption><\/figure><figure class='gallery-item'>\n\t\t\t<div class='gallery-icon landscape'>\n\t\t\t\t<a href='https:\/\/robertolopezmartin.com\/wp-content\/uploads\/2014\/02\/COLLAGE-PELUCHE11.jpg'><img loading=\"lazy\" decoding=\"async\" width=\"150\" height=\"150\" src=\"https:\/\/robertolopezmartin.com\/wp-content\/uploads\/2014\/02\/COLLAGE-PELUCHE11-150x150.jpg\" class=\"attachment-thumbnail size-thumbnail\" alt=\"\" aria-describedby=\"gallery-1-404\" srcset=\"https:\/\/robertolopezmartin.com\/wp-content\/uploads\/2014\/02\/COLLAGE-PELUCHE11-150x150.jpg 150w, https:\/\/robertolopezmartin.com\/wp-content\/uploads\/2014\/02\/COLLAGE-PELUCHE11-100x100.jpg 100w, https:\/\/robertolopezmartin.com\/wp-content\/uploads\/2014\/02\/COLLAGE-PELUCHE11-210x210.jpg 210w\" sizes=\"auto, (max-width: 150px) 100vw, 150px\" \/><\/a>\n\t\t\t<\/div>\n\t\t\t\t<figcaption class='wp-caption-text gallery-caption' id='gallery-1-404'>\n\t\t\t\tNi\u00f1os -peluche 1_ceras y collage sobre papel_21x 29,7cm\n\t\t\t\t<\/figcaption><\/figure><figure class='gallery-item'>\n\t\t\t<div class='gallery-icon landscape'>\n\t\t\t\t<a href='https:\/\/robertolopezmartin.com\/wp-content\/uploads\/2013\/08\/NI\u00d1OS-PELUCHE8.jpg'><img loading=\"lazy\" decoding=\"async\" width=\"150\" height=\"150\" src=\"https:\/\/robertolopezmartin.com\/wp-content\/uploads\/2013\/08\/NI\u00d1OS-PELUCHE8-150x150.jpg\" class=\"attachment-thumbnail size-thumbnail\" alt=\"\" aria-describedby=\"gallery-1-378\" srcset=\"https:\/\/robertolopezmartin.com\/wp-content\/uploads\/2013\/08\/NI\u00d1OS-PELUCHE8-150x150.jpg 150w, https:\/\/robertolopezmartin.com\/wp-content\/uploads\/2013\/08\/NI\u00d1OS-PELUCHE8-100x100.jpg 100w, https:\/\/robertolopezmartin.com\/wp-content\/uploads\/2013\/08\/NI\u00d1OS-PELUCHE8-210x210.jpg 210w\" sizes=\"auto, (max-width: 150px) 100vw, 150px\" \/><\/a>\n\t\t\t<\/div>\n\t\t\t\t<figcaption class='wp-caption-text gallery-caption' id='gallery-1-378'>\n\t\t\t\tNi\u00f1os -peluche 8_ceras y collage sobre papel_21x 29,7cm\n\t\t\t\t<\/figcaption><\/figure><figure class='gallery-item'>\n\t\t\t<div class='gallery-icon landscape'>\n\t\t\t\t<a href='https:\/\/robertolopezmartin.com\/wp-content\/uploads\/2014\/02\/Imagen9.jpg'><img loading=\"lazy\" decoding=\"async\" width=\"150\" height=\"150\" src=\"https:\/\/robertolopezmartin.com\/wp-content\/uploads\/2014\/02\/Imagen9-150x150.jpg\" class=\"attachment-thumbnail size-thumbnail\" alt=\"\" aria-describedby=\"gallery-1-489\" srcset=\"https:\/\/robertolopezmartin.com\/wp-content\/uploads\/2014\/02\/Imagen9-150x150.jpg 150w, https:\/\/robertolopezmartin.com\/wp-content\/uploads\/2014\/02\/Imagen9-100x100.jpg 100w, https:\/\/robertolopezmartin.com\/wp-content\/uploads\/2014\/02\/Imagen9-210x210.jpg 210w, https:\/\/robertolopezmartin.com\/wp-content\/uploads\/2014\/02\/Imagen9-144x144.jpg 144w\" sizes=\"auto, (max-width: 150px) 100vw, 150px\" \/><\/a>\n\t\t\t<\/div>\n\t\t\t\t<figcaption class='wp-caption-text gallery-caption' id='gallery-1-489'>\n\t\t\t\tNi\u00f1os -peluche 11_ceras y collage sobre papel_21x 29,7cm\n\t\t\t\t<\/figcaption><\/figure><figure class='gallery-item'>\n\t\t\t<div class='gallery-icon landscape'>\n\t\t\t\t<a href='https:\/\/robertolopezmartin.com\/wp-content\/uploads\/2014\/02\/Imagen7.jpg'><img loading=\"lazy\" decoding=\"async\" width=\"150\" height=\"150\" src=\"https:\/\/robertolopezmartin.com\/wp-content\/uploads\/2014\/02\/Imagen7-150x150.jpg\" class=\"attachment-thumbnail size-thumbnail\" alt=\"\" aria-describedby=\"gallery-1-485\" srcset=\"https:\/\/robertolopezmartin.com\/wp-content\/uploads\/2014\/02\/Imagen7-150x150.jpg 150w, https:\/\/robertolopezmartin.com\/wp-content\/uploads\/2014\/02\/Imagen7-100x100.jpg 100w, https:\/\/robertolopezmartin.com\/wp-content\/uploads\/2014\/02\/Imagen7-210x210.jpg 210w, https:\/\/robertolopezmartin.com\/wp-content\/uploads\/2014\/02\/Imagen7-144x144.jpg 144w\" sizes=\"auto, (max-width: 150px) 100vw, 150px\" \/><\/a>\n\t\t\t<\/div>\n\t\t\t\t<figcaption class='wp-caption-text gallery-caption' id='gallery-1-485'>\n\t\t\t\tNi\u00f1os -peluche 12_ceras y collage sobre papel_21x 29,7cm\n\t\t\t\t<\/figcaption><\/figure><figure class='gallery-item'>\n\t\t\t<div class='gallery-icon portrait'>\n\t\t\t\t<a href='https:\/\/robertolopezmartin.com\/wp-content\/uploads\/2014\/02\/ni\u00f1as-peluche15-baja.jpg'><img loading=\"lazy\" decoding=\"async\" width=\"150\" height=\"150\" src=\"https:\/\/robertolopezmartin.com\/wp-content\/uploads\/2014\/02\/ni\u00f1as-peluche15-baja-150x150.jpg\" class=\"attachment-thumbnail size-thumbnail\" alt=\"\" aria-describedby=\"gallery-1-476\" srcset=\"https:\/\/robertolopezmartin.com\/wp-content\/uploads\/2014\/02\/ni\u00f1as-peluche15-baja-150x150.jpg 150w, https:\/\/robertolopezmartin.com\/wp-content\/uploads\/2014\/02\/ni\u00f1as-peluche15-baja-100x100.jpg 100w, https:\/\/robertolopezmartin.com\/wp-content\/uploads\/2014\/02\/ni\u00f1as-peluche15-baja-210x210.jpg 210w, https:\/\/robertolopezmartin.com\/wp-content\/uploads\/2014\/02\/ni\u00f1as-peluche15-baja-144x144.jpg 144w\" sizes=\"auto, (max-width: 150px) 100vw, 150px\" \/><\/a>\n\t\t\t<\/div>\n\t\t\t\t<figcaption class='wp-caption-text gallery-caption' id='gallery-1-476'>\n\t\t\t\tNi\u00f1os -peluche 13_ceras y collage sobre papel_21x 29,7cm\n\t\t\t\t<\/figcaption><\/figure><figure class='gallery-item'>\n\t\t\t<div class='gallery-icon landscape'>\n\t\t\t\t<a href='https:\/\/robertolopezmartin.com\/wp-content\/uploads\/2014\/02\/ni\u00f1as-peluche-14baja.jpg'><img loading=\"lazy\" decoding=\"async\" width=\"150\" height=\"150\" src=\"https:\/\/robertolopezmartin.com\/wp-content\/uploads\/2014\/02\/ni\u00f1as-peluche-14baja-150x150.jpg\" class=\"attachment-thumbnail size-thumbnail\" alt=\"\" aria-describedby=\"gallery-1-475\" srcset=\"https:\/\/robertolopezmartin.com\/wp-content\/uploads\/2014\/02\/ni\u00f1as-peluche-14baja-150x150.jpg 150w, https:\/\/robertolopezmartin.com\/wp-content\/uploads\/2014\/02\/ni\u00f1as-peluche-14baja-100x100.jpg 100w, https:\/\/robertolopezmartin.com\/wp-content\/uploads\/2014\/02\/ni\u00f1as-peluche-14baja-210x210.jpg 210w, https:\/\/robertolopezmartin.com\/wp-content\/uploads\/2014\/02\/ni\u00f1as-peluche-14baja-144x144.jpg 144w\" sizes=\"auto, (max-width: 150px) 100vw, 150px\" \/><\/a>\n\t\t\t<\/div>\n\t\t\t\t<figcaption class='wp-caption-text gallery-caption' id='gallery-1-475'>\n\t\t\t\tNi\u00f1os -peluche 14_ceras y collage sobre papel_21x 29,7cm\n\t\t\t\t<\/figcaption><\/figure><figure class='gallery-item'>\n\t\t\t<div class='gallery-icon landscape'>\n\t\t\t\t<a href='https:\/\/robertolopezmartin.com\/wp-content\/uploads\/2014\/02\/ni\u00f1os-peluche-12-baja.jpg'><img loading=\"lazy\" decoding=\"async\" width=\"150\" height=\"150\" src=\"https:\/\/robertolopezmartin.com\/wp-content\/uploads\/2014\/02\/ni\u00f1os-peluche-12-baja-150x150.jpg\" class=\"attachment-thumbnail size-thumbnail\" alt=\"\" aria-describedby=\"gallery-1-474\" srcset=\"https:\/\/robertolopezmartin.com\/wp-content\/uploads\/2014\/02\/ni\u00f1os-peluche-12-baja-150x150.jpg 150w, https:\/\/robertolopezmartin.com\/wp-content\/uploads\/2014\/02\/ni\u00f1os-peluche-12-baja-100x100.jpg 100w, https:\/\/robertolopezmartin.com\/wp-content\/uploads\/2014\/02\/ni\u00f1os-peluche-12-baja-210x210.jpg 210w, https:\/\/robertolopezmartin.com\/wp-content\/uploads\/2014\/02\/ni\u00f1os-peluche-12-baja-144x144.jpg 144w\" sizes=\"auto, (max-width: 150px) 100vw, 150px\" \/><\/a>\n\t\t\t<\/div>\n\t\t\t\t<figcaption class='wp-caption-text gallery-caption' id='gallery-1-474'>\n\t\t\t\tNi\u00f1os -peluche 15_ceras y collage sobre papel_21x 29,7cm\n\t\t\t\t<\/figcaption><\/figure>\n\t\t<\/div>\n\n","protected":false},"excerpt":{"rendered":"<div class=\"entry-summary\">\n\u00a1Juegue con ellos! Dele Ud. Tambi\u00e9n es un peluche: \u00a1Aseg\u00farese que no&hellip;\n<\/div>\n<div class=\"link-more\"><a href=\"https:\/\/robertolopezmartin.com\/?page_id=340\" class=\"more-link\">Continuar leyendo<span class=\"screen-reader-text\"> &ldquo;\u00a1Juegue con ellos! Dele Ud. Tambi\u00e9n es un peluche\/Play with them! Give you a stuffed animal is also&rdquo;<\/span>&hellip;<\/a><\/div>\n","protected":false},"author":1,"featured_media":0,"parent":0,"menu_order":0,"comment_status":"closed","ping_status":"closed","template":"","meta":{"footnotes":""},"class_list":["post-340","page","type-page","status-publish","hentry","entry"],"yoast_head":"<!-- This site is optimized with the Yoast SEO plugin v27.5 - https:\/\/yoast.com\/product\/yoast-seo-wordpress\/ -->\n<title>\u00a1Juegue con ellos! Dele Ud. Tambi\u00e9n es un peluche\/Play with them! Give you a stuffed animal is also - Roberto L\u00f3pez Mart\u00edn<\/title>\n<meta name=\"robots\" content=\"index, follow, max-snippet:-1, max-image-preview:large, max-video-preview:-1\" \/>\n<link rel=\"canonical\" href=\"https:\/\/robertolopezmartin.com\/?page_id=340\" \/>\n<meta property=\"og:locale\" content=\"es_ES\" \/>\n<meta property=\"og:type\" content=\"article\" \/>\n<meta property=\"og:title\" content=\"\u00a1Juegue con ellos! Dele Ud. Tambi\u00e9n es un peluche\/Play with them! Give you a stuffed animal is also - Roberto L\u00f3pez Mart\u00edn\" \/>\n<meta property=\"og:description\" content=\"\u00a1Juegue con ellos! Dele Ud. Tambi\u00e9n es un peluche: \u00a1Aseg\u00farese que no&hellip; Continuar leyendo &ldquo;\u00a1Juegue con ellos! Dele Ud. Tambi\u00e9n es un peluche\/Play with them! Give you a stuffed animal is also&rdquo;&hellip;\" \/>\n<meta property=\"og:url\" content=\"https:\/\/robertolopezmartin.com\/?page_id=340\" \/>\n<meta property=\"og:site_name\" content=\"Roberto L\u00f3pez Mart\u00edn\" \/>\n<meta property=\"article:modified_time\" content=\"2017-09-04T23:27:07+00:00\" \/>\n<meta property=\"og:image\" content=\"https:\/\/robertolopezmartin.com\/wp-content\/uploads\/2014\/02\/COLLAGE-PELUCHE4-150x150.jpg\" \/>\n<meta name=\"twitter:card\" content=\"summary_large_image\" \/>\n<meta name=\"twitter:label1\" content=\"Tiempo de lectura\" \/>\n\t<meta name=\"twitter:data1\" content=\"2 minutos\" \/>\n<script type=\"application\/ld+json\" class=\"yoast-schema-graph\">{\"@context\":\"https:\\\/\\\/schema.org\",\"@graph\":[{\"@type\":\"WebPage\",\"@id\":\"https:\\\/\\\/robertolopezmartin.com\\\/?page_id=340\",\"url\":\"https:\\\/\\\/robertolopezmartin.com\\\/?page_id=340\",\"name\":\"\u00a1Juegue con ellos! Dele Ud. Tambi\u00e9n es un peluche\\\/Play with them! Give you a stuffed animal is also - Roberto L\u00f3pez Mart\u00edn\",\"isPartOf\":{\"@id\":\"https:\\\/\\\/robertolopezmartin.com\\\/#website\"},\"datePublished\":\"2014-02-06T19:29:41+00:00\",\"dateModified\":\"2017-09-04T23:27:07+00:00\",\"breadcrumb\":{\"@id\":\"https:\\\/\\\/robertolopezmartin.com\\\/?page_id=340#breadcrumb\"},\"inLanguage\":\"es\",\"potentialAction\":[{\"@type\":\"ReadAction\",\"target\":[\"https:\\\/\\\/robertolopezmartin.com\\\/?page_id=340\"]}]},{\"@type\":\"BreadcrumbList\",\"@id\":\"https:\\\/\\\/robertolopezmartin.com\\\/?page_id=340#breadcrumb\",\"itemListElement\":[{\"@type\":\"ListItem\",\"position\":1,\"name\":\"Portada\",\"item\":\"https:\\\/\\\/robertolopezmartin.com\\\/\"},{\"@type\":\"ListItem\",\"position\":2,\"name\":\"\u00a1Juegue con ellos! Dele Ud. Tambi\u00e9n es un peluche\\\/Play with them! Give you a stuffed animal is also\"}]},{\"@type\":\"WebSite\",\"@id\":\"https:\\\/\\\/robertolopezmartin.com\\\/#website\",\"url\":\"https:\\\/\\\/robertolopezmartin.com\\\/\",\"name\":\"Roberto L\u00f3pez Mart\u00edn\",\"description\":\"Artista Pl\u00e1stico\",\"potentialAction\":[{\"@type\":\"SearchAction\",\"target\":{\"@type\":\"EntryPoint\",\"urlTemplate\":\"https:\\\/\\\/robertolopezmartin.com\\\/?s={search_term_string}\"},\"query-input\":{\"@type\":\"PropertyValueSpecification\",\"valueRequired\":true,\"valueName\":\"search_term_string\"}}],\"inLanguage\":\"es\"}]}<\/script>\n<!-- \/ Yoast SEO plugin. -->","yoast_head_json":{"title":"\u00a1Juegue con ellos! Dele Ud. Tambi\u00e9n es un peluche\/Play with them! Give you a stuffed animal is also - Roberto L\u00f3pez Mart\u00edn","robots":{"index":"index","follow":"follow","max-snippet":"max-snippet:-1","max-image-preview":"max-image-preview:large","max-video-preview":"max-video-preview:-1"},"canonical":"https:\/\/robertolopezmartin.com\/?page_id=340","og_locale":"es_ES","og_type":"article","og_title":"\u00a1Juegue con ellos! Dele Ud. Tambi\u00e9n es un peluche\/Play with them! Give you a stuffed animal is also - Roberto L\u00f3pez Mart\u00edn","og_description":"\u00a1Juegue con ellos! Dele Ud. Tambi\u00e9n es un peluche: \u00a1Aseg\u00farese que no&hellip; Continuar leyendo &ldquo;\u00a1Juegue con ellos! Dele Ud. Tambi\u00e9n es un peluche\/Play with them! Give you a stuffed animal is also&rdquo;&hellip;","og_url":"https:\/\/robertolopezmartin.com\/?page_id=340","og_site_name":"Roberto L\u00f3pez Mart\u00edn","article_modified_time":"2017-09-04T23:27:07+00:00","og_image":[{"url":"https:\/\/robertolopezmartin.com\/wp-content\/uploads\/2014\/02\/COLLAGE-PELUCHE4-150x150.jpg","type":"","width":"","height":""}],"twitter_card":"summary_large_image","twitter_misc":{"Tiempo de lectura":"2 minutos"},"schema":{"@context":"https:\/\/schema.org","@graph":[{"@type":"WebPage","@id":"https:\/\/robertolopezmartin.com\/?page_id=340","url":"https:\/\/robertolopezmartin.com\/?page_id=340","name":"\u00a1Juegue con ellos! Dele Ud. Tambi\u00e9n es un peluche\/Play with them! Give you a stuffed animal is also - Roberto L\u00f3pez Mart\u00edn","isPartOf":{"@id":"https:\/\/robertolopezmartin.com\/#website"},"datePublished":"2014-02-06T19:29:41+00:00","dateModified":"2017-09-04T23:27:07+00:00","breadcrumb":{"@id":"https:\/\/robertolopezmartin.com\/?page_id=340#breadcrumb"},"inLanguage":"es","potentialAction":[{"@type":"ReadAction","target":["https:\/\/robertolopezmartin.com\/?page_id=340"]}]},{"@type":"BreadcrumbList","@id":"https:\/\/robertolopezmartin.com\/?page_id=340#breadcrumb","itemListElement":[{"@type":"ListItem","position":1,"name":"Portada","item":"https:\/\/robertolopezmartin.com\/"},{"@type":"ListItem","position":2,"name":"\u00a1Juegue con ellos! Dele Ud. Tambi\u00e9n es un peluche\/Play with them! Give you a stuffed animal is also"}]},{"@type":"WebSite","@id":"https:\/\/robertolopezmartin.com\/#website","url":"https:\/\/robertolopezmartin.com\/","name":"Roberto L\u00f3pez Mart\u00edn","description":"Artista Pl\u00e1stico","potentialAction":[{"@type":"SearchAction","target":{"@type":"EntryPoint","urlTemplate":"https:\/\/robertolopezmartin.com\/?s={search_term_string}"},"query-input":{"@type":"PropertyValueSpecification","valueRequired":true,"valueName":"search_term_string"}}],"inLanguage":"es"}]}},"_links":{"self":[{"href":"https:\/\/robertolopezmartin.com\/index.php?rest_route=\/wp\/v2\/pages\/340","targetHints":{"allow":["GET"]}}],"collection":[{"href":"https:\/\/robertolopezmartin.com\/index.php?rest_route=\/wp\/v2\/pages"}],"about":[{"href":"https:\/\/robertolopezmartin.com\/index.php?rest_route=\/wp\/v2\/types\/page"}],"author":[{"embeddable":true,"href":"https:\/\/robertolopezmartin.com\/index.php?rest_route=\/wp\/v2\/users\/1"}],"replies":[{"embeddable":true,"href":"https:\/\/robertolopezmartin.com\/index.php?rest_route=%2Fwp%2Fv2%2Fcomments&post=340"}],"version-history":[{"count":0,"href":"https:\/\/robertolopezmartin.com\/index.php?rest_route=\/wp\/v2\/pages\/340\/revisions"}],"wp:attachment":[{"href":"https:\/\/robertolopezmartin.com\/index.php?rest_route=%2Fwp%2Fv2%2Fmedia&parent=340"}],"curies":[{"name":"wp","href":"https:\/\/api.w.org\/{rel}","templated":true}]}}