{"id":278,"date":"2013-08-28T11:47:54","date_gmt":"2013-08-28T10:47:54","guid":{"rendered":"http:\/\/robertolopezmartin.com\/?page_id=278"},"modified":"2019-02-13T12:30:26","modified_gmt":"2019-02-13T11:30:26","slug":"galeria-2-2","status":"publish","type":"page","link":"https:\/\/robertolopezmartin.com\/?page_id=278","title":{"rendered":"Mu\u00f1ecas \/ Dolls"},"content":{"rendered":"\n<p style=\"text-align:left\">En 2014 Roberto L\u00f3pez Mart\u00edn abordar\u00e1 el tema de la infancia y lo monstruoso buceando en su propia memoria y sus recuerdos personales. En esta lucha contra el mal de archivo, y en aras de desempolvar todo aquello que ya parec\u00eda perdido, afloran todo un conjunto de im\u00e1genes de<br> mu\u00f1ecas y peluches que van conformando un inquietante y siniestro imaginario visual propio.<br> Bajo este contexto elaborar\u00e1 Mu\u00f1ecas ( 2014 ) . Peque\u00f1as reproducciones de escayola de figuras como las que decoraban la casa donde viv\u00eda de peque\u00f1o y donde el artista interviene sobre los rostros reconstruyendo su piel a retazos con peque\u00f1os pedazos de papel. Como si Mary Shelley se tratase, L\u00f3pez Mart\u00edn crea figuras de rostro y mirada monstruosa pero, al tiempo, tan  fr\u00e1giles que cualquier acci\u00f3n contra ellas las romper\u00eda en mil pedazos.<br> Una tensi\u00f3n entre La esencia negada. La pr\u00e1ctica y uso del \u00e1lbum-archivo en la creaci\u00f3n fotogr\u00e1fica<br> \u00abno reproducible\u00bb.<br> <\/p>\n\n\n\n<p>El caso de Ofelia Garc\u00eda, Felipe Barrag\u00e1n y Roberto L\u00f3pez Mart\u00edn. Autor M\u00f3nica Carabias \u00c1lvaro (UCM) Francisco<br>\nJos\u00e9 Garc\u00eda-Ramos (UCM) la fragilidad de la infancia y lo terrible monstruoso \u2014ese perverso polifor<\/p>\n\n\n<div id='gallery-1' class='gallery galleryid-278 gallery-columns-3 gallery-size-thumbnail'><figure class='gallery-item'>\n\t\t\t<div class='gallery-icon portrait'>\n\t\t\t\t<a href='https:\/\/robertolopezmartin.com\/wp-content\/uploads\/2019\/02\/doll5-2-1.jpg'><img loading=\"lazy\" decoding=\"async\" width=\"480\" height=\"640\" src=\"https:\/\/robertolopezmartin.com\/wp-content\/uploads\/2019\/02\/doll5-2-1-480x640.jpg\" class=\"attachment-thumbnail size-thumbnail\" alt=\"\" \/><\/a>\n\t\t\t<\/div><\/figure><figure class='gallery-item'>\n\t\t\t<div class='gallery-icon portrait'>\n\t\t\t\t<a href='https:\/\/robertolopezmartin.com\/wp-content\/uploads\/2013\/08\/dolly_I.jpg'><img loading=\"lazy\" decoding=\"async\" width=\"150\" height=\"150\" src=\"https:\/\/robertolopezmartin.com\/wp-content\/uploads\/2013\/08\/dolly_I-150x150.jpg\" class=\"attachment-thumbnail size-thumbnail\" alt=\"\" aria-describedby=\"gallery-1-282\" srcset=\"https:\/\/robertolopezmartin.com\/wp-content\/uploads\/2013\/08\/dolly_I-150x150.jpg 150w, https:\/\/robertolopezmartin.com\/wp-content\/uploads\/2013\/08\/dolly_I-100x100.jpg 100w, https:\/\/robertolopezmartin.com\/wp-content\/uploads\/2013\/08\/dolly_I-210x210.jpg 210w\" sizes=\"auto, (max-width: 150px) 100vw, 150px\" \/><\/a>\n\t\t\t<\/div>\n\t\t\t\t<figcaption class='wp-caption-text gallery-caption' id='gallery-1-282'>\n\t\t\t\tDolly I_Escayola y papel_16x19cm\n\t\t\t\t<\/figcaption><\/figure><figure class='gallery-item'>\n\t\t\t<div class='gallery-icon portrait'>\n\t\t\t\t<a href='https:\/\/robertolopezmartin.com\/wp-content\/uploads\/2013\/08\/NI\u00d1O2.jpg'><img loading=\"lazy\" decoding=\"async\" width=\"150\" height=\"150\" src=\"https:\/\/robertolopezmartin.com\/wp-content\/uploads\/2013\/08\/NI\u00d1O2-150x150.jpg\" class=\"attachment-thumbnail size-thumbnail\" alt=\"\" aria-describedby=\"gallery-1-373\" srcset=\"https:\/\/robertolopezmartin.com\/wp-content\/uploads\/2013\/08\/NI\u00d1O2-150x150.jpg 150w, https:\/\/robertolopezmartin.com\/wp-content\/uploads\/2013\/08\/NI\u00d1O2-100x100.jpg 100w, https:\/\/robertolopezmartin.com\/wp-content\/uploads\/2013\/08\/NI\u00d1O2-210x210.jpg 210w\" sizes=\"auto, (max-width: 150px) 100vw, 150px\" \/><\/a>\n\t\t\t<\/div>\n\t\t\t\t<figcaption class='wp-caption-text gallery-caption' id='gallery-1-373'>\n\t\t\t\tCaperucita_Resina y Papel:_20X15cm\r\n\r\n\n\t\t\t\t<\/figcaption><\/figure><figure class='gallery-item'>\n\t\t\t<div class='gallery-icon landscape'>\n\t\t\t\t<a href='https:\/\/robertolopezmartin.com\/wp-content\/uploads\/2013\/08\/doll8.jpg'><img loading=\"lazy\" decoding=\"async\" width=\"150\" height=\"150\" src=\"https:\/\/robertolopezmartin.com\/wp-content\/uploads\/2013\/08\/doll8-150x150.jpg\" class=\"attachment-thumbnail size-thumbnail\" alt=\"\" aria-describedby=\"gallery-1-377\" srcset=\"https:\/\/robertolopezmartin.com\/wp-content\/uploads\/2013\/08\/doll8-150x150.jpg 150w, https:\/\/robertolopezmartin.com\/wp-content\/uploads\/2013\/08\/doll8-100x100.jpg 100w, https:\/\/robertolopezmartin.com\/wp-content\/uploads\/2013\/08\/doll8-210x210.jpg 210w\" sizes=\"auto, (max-width: 150px) 100vw, 150px\" \/><\/a>\n\t\t\t<\/div>\n\t\t\t\t<figcaption class='wp-caption-text gallery-caption' id='gallery-1-377'>\n\t\t\t\tSeriados_acrilico y cera sobre tabla_conjunto 4 unidades 40x20cm\n\t\t\t\t<\/figcaption><\/figure><figure class='gallery-item'>\n\t\t\t<div class='gallery-icon landscape'>\n\t\t\t\t<a href='https:\/\/robertolopezmartin.com\/wp-content\/uploads\/2013\/08\/Imagen3.jpg'><img loading=\"lazy\" decoding=\"async\" width=\"150\" height=\"150\" src=\"https:\/\/robertolopezmartin.com\/wp-content\/uploads\/2013\/08\/Imagen3-150x150.jpg\" class=\"attachment-thumbnail size-thumbnail\" alt=\"\" aria-describedby=\"gallery-1-355\" srcset=\"https:\/\/robertolopezmartin.com\/wp-content\/uploads\/2013\/08\/Imagen3-150x150.jpg 150w, https:\/\/robertolopezmartin.com\/wp-content\/uploads\/2013\/08\/Imagen3-100x100.jpg 100w, https:\/\/robertolopezmartin.com\/wp-content\/uploads\/2013\/08\/Imagen3-210x210.jpg 210w\" sizes=\"auto, (max-width: 150px) 100vw, 150px\" \/><\/a>\n\t\t\t<\/div>\n\t\t\t\t<figcaption class='wp-caption-text gallery-caption' id='gallery-1-355'>\n\t\t\t\tAdam y Eva, XXI_Resina y Papel_17x15cm\n\t\t\t\t<\/figcaption><\/figure><figure class='gallery-item'>\n\t\t\t<div class='gallery-icon landscape'>\n\t\t\t\t<a href='https:\/\/robertolopezmartin.com\/wp-content\/uploads\/2013\/08\/Imagen2.jpg'><img loading=\"lazy\" decoding=\"async\" width=\"150\" height=\"150\" src=\"https:\/\/robertolopezmartin.com\/wp-content\/uploads\/2013\/08\/Imagen2-150x150.jpg\" class=\"attachment-thumbnail size-thumbnail\" alt=\"\" aria-describedby=\"gallery-1-354\" srcset=\"https:\/\/robertolopezmartin.com\/wp-content\/uploads\/2013\/08\/Imagen2-150x150.jpg 150w, https:\/\/robertolopezmartin.com\/wp-content\/uploads\/2013\/08\/Imagen2-100x100.jpg 100w, https:\/\/robertolopezmartin.com\/wp-content\/uploads\/2013\/08\/Imagen2-210x210.jpg 210w\" sizes=\"auto, (max-width: 150px) 100vw, 150px\" \/><\/a>\n\t\t\t<\/div>\n\t\t\t\t<figcaption class='wp-caption-text gallery-caption' id='gallery-1-354'>\n\t\t\t\tLa Familia numerosa_Resina y papel_20x19x13cm\n\t\t\t\t<\/figcaption><\/figure><figure class='gallery-item'>\n\t\t\t<div class='gallery-icon portrait'>\n\t\t\t\t<a href='https:\/\/robertolopezmartin.com\/wp-content\/uploads\/2013\/08\/NI\u00d1O-5.jpg'><img loading=\"lazy\" decoding=\"async\" width=\"150\" height=\"150\" src=\"https:\/\/robertolopezmartin.com\/wp-content\/uploads\/2013\/08\/NI\u00d1O-5-150x150.jpg\" class=\"attachment-thumbnail size-thumbnail\" alt=\"\" aria-describedby=\"gallery-1-372\" srcset=\"https:\/\/robertolopezmartin.com\/wp-content\/uploads\/2013\/08\/NI\u00d1O-5-150x150.jpg 150w, https:\/\/robertolopezmartin.com\/wp-content\/uploads\/2013\/08\/NI\u00d1O-5-100x100.jpg 100w, https:\/\/robertolopezmartin.com\/wp-content\/uploads\/2013\/08\/NI\u00d1O-5-210x210.jpg 210w\" sizes=\"auto, (max-width: 150px) 100vw, 150px\" \/><\/a>\n\t\t\t<\/div>\n\t\t\t\t<figcaption class='wp-caption-text gallery-caption' id='gallery-1-372'>\n\t\t\t\tHansell rey de los gansos_Resina y Papel_15x10cm\n\t\t\t\t<\/figcaption><\/figure><figure class='gallery-item'>\n\t\t\t<div class='gallery-icon landscape'>\n\t\t\t\t<a href='https:\/\/robertolopezmartin.com\/wp-content\/uploads\/2013\/08\/Imagen5.jpg'><img loading=\"lazy\" decoding=\"async\" width=\"150\" height=\"150\" src=\"https:\/\/robertolopezmartin.com\/wp-content\/uploads\/2013\/08\/Imagen5-150x150.jpg\" class=\"attachment-thumbnail size-thumbnail\" alt=\"\" srcset=\"https:\/\/robertolopezmartin.com\/wp-content\/uploads\/2013\/08\/Imagen5-150x150.jpg 150w, https:\/\/robertolopezmartin.com\/wp-content\/uploads\/2013\/08\/Imagen5-100x100.jpg 100w, https:\/\/robertolopezmartin.com\/wp-content\/uploads\/2013\/08\/Imagen5-210x210.jpg 210w\" sizes=\"auto, (max-width: 150px) 100vw, 150px\" \/><\/a>\n\t\t\t<\/div><\/figure><figure class='gallery-item'>\n\t\t\t<div class='gallery-icon landscape'>\n\t\t\t\t<a href='https:\/\/robertolopezmartin.com\/wp-content\/uploads\/2013\/08\/Imagen6.jpg'><img loading=\"lazy\" decoding=\"async\" width=\"150\" height=\"150\" src=\"https:\/\/robertolopezmartin.com\/wp-content\/uploads\/2013\/08\/Imagen6-150x150.jpg\" class=\"attachment-thumbnail size-thumbnail\" alt=\"\" aria-describedby=\"gallery-1-358\" srcset=\"https:\/\/robertolopezmartin.com\/wp-content\/uploads\/2013\/08\/Imagen6-150x150.jpg 150w, https:\/\/robertolopezmartin.com\/wp-content\/uploads\/2013\/08\/Imagen6-100x100.jpg 100w, https:\/\/robertolopezmartin.com\/wp-content\/uploads\/2013\/08\/Imagen6-210x210.jpg 210w\" sizes=\"auto, (max-width: 150px) 100vw, 150px\" \/><\/a>\n\t\t\t<\/div>\n\t\t\t\t<figcaption class='wp-caption-text gallery-caption' id='gallery-1-358'>\n\t\t\t\tDolly 4_Resina y papel _30cm\n\t\t\t\t<\/figcaption><\/figure><figure class='gallery-item'>\n\t\t\t<div class='gallery-icon landscape'>\n\t\t\t\t<a href='https:\/\/robertolopezmartin.com\/wp-content\/uploads\/2013\/08\/doll31.jpg'><img loading=\"lazy\" decoding=\"async\" width=\"150\" height=\"150\" src=\"https:\/\/robertolopezmartin.com\/wp-content\/uploads\/2013\/08\/doll31-150x150.jpg\" class=\"attachment-thumbnail size-thumbnail\" alt=\"Espejos y espejismos_ caja de luz _40x 20x15cm\" aria-describedby=\"gallery-1-379\" srcset=\"https:\/\/robertolopezmartin.com\/wp-content\/uploads\/2013\/08\/doll31-150x150.jpg 150w, https:\/\/robertolopezmartin.com\/wp-content\/uploads\/2013\/08\/doll31-100x100.jpg 100w, https:\/\/robertolopezmartin.com\/wp-content\/uploads\/2013\/08\/doll31-210x210.jpg 210w\" sizes=\"auto, (max-width: 150px) 100vw, 150px\" \/><\/a>\n\t\t\t<\/div>\n\t\t\t\t<figcaption class='wp-caption-text gallery-caption' id='gallery-1-379'>\n\t\t\t\tEspejos y espejismos_ caja de luz _40x 20x15cm\n\t\t\t\t<\/figcaption><\/figure><figure class='gallery-item'>\n\t\t\t<div class='gallery-icon portrait'>\n\t\t\t\t<a href='https:\/\/robertolopezmartin.com\/wp-content\/uploads\/2013\/08\/Imagen7.jpg'><img loading=\"lazy\" decoding=\"async\" width=\"150\" height=\"150\" src=\"https:\/\/robertolopezmartin.com\/wp-content\/uploads\/2013\/08\/Imagen7-150x150.jpg\" class=\"attachment-thumbnail size-thumbnail\" alt=\"\" aria-describedby=\"gallery-1-359\" srcset=\"https:\/\/robertolopezmartin.com\/wp-content\/uploads\/2013\/08\/Imagen7-150x150.jpg 150w, https:\/\/robertolopezmartin.com\/wp-content\/uploads\/2013\/08\/Imagen7-100x100.jpg 100w, https:\/\/robertolopezmartin.com\/wp-content\/uploads\/2013\/08\/Imagen7-210x210.jpg 210w\" sizes=\"auto, (max-width: 150px) 100vw, 150px\" \/><\/a>\n\t\t\t<\/div>\n\t\t\t\t<figcaption class='wp-caption-text gallery-caption' id='gallery-1-359'>\n\t\t\t\tPrincesa I_ Resina y  papel_40cm\n\t\t\t\t<\/figcaption><\/figure><figure class='gallery-item'>\n\t\t\t<div class='gallery-icon portrait'>\n\t\t\t\t<a href='https:\/\/robertolopezmartin.com\/wp-content\/uploads\/2013\/08\/doll6.jpg'><img loading=\"lazy\" decoding=\"async\" width=\"150\" height=\"150\" src=\"https:\/\/robertolopezmartin.com\/wp-content\/uploads\/2013\/08\/doll6-150x150.jpg\" class=\"attachment-thumbnail size-thumbnail\" alt=\"\" aria-describedby=\"gallery-1-368\" srcset=\"https:\/\/robertolopezmartin.com\/wp-content\/uploads\/2013\/08\/doll6-150x150.jpg 150w, https:\/\/robertolopezmartin.com\/wp-content\/uploads\/2013\/08\/doll6-100x100.jpg 100w, https:\/\/robertolopezmartin.com\/wp-content\/uploads\/2013\/08\/doll6-210x210.jpg 210w\" sizes=\"auto, (max-width: 150px) 100vw, 150px\" \/><\/a>\n\t\t\t<\/div>\n\t\t\t\t<figcaption class='wp-caption-text gallery-caption' id='gallery-1-368'>\n\t\t\t\tPrincesa I_ Resina y  papel_40cm\n\t\t\t\t<\/figcaption><\/figure>\n\t\t<\/div>\n","protected":false},"excerpt":{"rendered":"<div class=\"entry-summary\">\nEn 2014 Roberto L\u00f3pez Mart\u00edn abordar\u00e1 el tema de la infancia y&hellip;\n<\/div>\n<div class=\"link-more\"><a href=\"https:\/\/robertolopezmartin.com\/?page_id=278\" class=\"more-link\">Continuar leyendo<span class=\"screen-reader-text\"> &ldquo;Mu\u00f1ecas \/ Dolls&rdquo;<\/span>&hellip;<\/a><\/div>\n","protected":false},"author":1,"featured_media":0,"parent":0,"menu_order":0,"comment_status":"closed","ping_status":"closed","template":"","meta":{"footnotes":""},"class_list":["post-278","page","type-page","status-publish","hentry","entry"],"yoast_head":"<!-- This site is optimized with the Yoast SEO plugin v27.5 - https:\/\/yoast.com\/product\/yoast-seo-wordpress\/ -->\n<title>Mu\u00f1ecas \/ Dolls - Roberto L\u00f3pez Mart\u00edn<\/title>\n<meta name=\"robots\" content=\"index, follow, max-snippet:-1, max-image-preview:large, max-video-preview:-1\" \/>\n<link rel=\"canonical\" href=\"https:\/\/robertolopezmartin.com\/?page_id=278\" \/>\n<meta property=\"og:locale\" content=\"es_ES\" \/>\n<meta property=\"og:type\" content=\"article\" \/>\n<meta property=\"og:title\" content=\"Mu\u00f1ecas \/ Dolls - Roberto L\u00f3pez Mart\u00edn\" \/>\n<meta property=\"og:description\" content=\"En 2014 Roberto L\u00f3pez Mart\u00edn abordar\u00e1 el tema de la infancia y&hellip; Continuar leyendo &ldquo;Mu\u00f1ecas \/ Dolls&rdquo;&hellip;\" \/>\n<meta property=\"og:url\" content=\"https:\/\/robertolopezmartin.com\/?page_id=278\" \/>\n<meta property=\"og:site_name\" content=\"Roberto L\u00f3pez Mart\u00edn\" \/>\n<meta property=\"article:modified_time\" content=\"2019-02-13T11:30:26+00:00\" \/>\n<meta property=\"og:image\" content=\"https:\/\/robertolopezmartin.com\/wp-content\/uploads\/2019\/02\/doll5-2-1-480x640.jpg\" \/>\n<meta name=\"twitter:card\" content=\"summary_large_image\" \/>\n<meta name=\"twitter:label1\" content=\"Tiempo de lectura\" \/>\n\t<meta name=\"twitter:data1\" content=\"1 minuto\" \/>\n<script type=\"application\/ld+json\" class=\"yoast-schema-graph\">{\"@context\":\"https:\\\/\\\/schema.org\",\"@graph\":[{\"@type\":\"WebPage\",\"@id\":\"https:\\\/\\\/robertolopezmartin.com\\\/?page_id=278\",\"url\":\"https:\\\/\\\/robertolopezmartin.com\\\/?page_id=278\",\"name\":\"Mu\u00f1ecas \\\/ Dolls - Roberto L\u00f3pez Mart\u00edn\",\"isPartOf\":{\"@id\":\"https:\\\/\\\/robertolopezmartin.com\\\/#website\"},\"datePublished\":\"2013-08-28T10:47:54+00:00\",\"dateModified\":\"2019-02-13T11:30:26+00:00\",\"breadcrumb\":{\"@id\":\"https:\\\/\\\/robertolopezmartin.com\\\/?page_id=278#breadcrumb\"},\"inLanguage\":\"es\",\"potentialAction\":[{\"@type\":\"ReadAction\",\"target\":[\"https:\\\/\\\/robertolopezmartin.com\\\/?page_id=278\"]}]},{\"@type\":\"BreadcrumbList\",\"@id\":\"https:\\\/\\\/robertolopezmartin.com\\\/?page_id=278#breadcrumb\",\"itemListElement\":[{\"@type\":\"ListItem\",\"position\":1,\"name\":\"Portada\",\"item\":\"https:\\\/\\\/robertolopezmartin.com\\\/\"},{\"@type\":\"ListItem\",\"position\":2,\"name\":\"Mu\u00f1ecas \\\/ Dolls\"}]},{\"@type\":\"WebSite\",\"@id\":\"https:\\\/\\\/robertolopezmartin.com\\\/#website\",\"url\":\"https:\\\/\\\/robertolopezmartin.com\\\/\",\"name\":\"Roberto L\u00f3pez Mart\u00edn\",\"description\":\"Artista Pl\u00e1stico\",\"potentialAction\":[{\"@type\":\"SearchAction\",\"target\":{\"@type\":\"EntryPoint\",\"urlTemplate\":\"https:\\\/\\\/robertolopezmartin.com\\\/?s={search_term_string}\"},\"query-input\":{\"@type\":\"PropertyValueSpecification\",\"valueRequired\":true,\"valueName\":\"search_term_string\"}}],\"inLanguage\":\"es\"}]}<\/script>\n<!-- \/ Yoast SEO plugin. -->","yoast_head_json":{"title":"Mu\u00f1ecas \/ Dolls - Roberto L\u00f3pez Mart\u00edn","robots":{"index":"index","follow":"follow","max-snippet":"max-snippet:-1","max-image-preview":"max-image-preview:large","max-video-preview":"max-video-preview:-1"},"canonical":"https:\/\/robertolopezmartin.com\/?page_id=278","og_locale":"es_ES","og_type":"article","og_title":"Mu\u00f1ecas \/ Dolls - Roberto L\u00f3pez Mart\u00edn","og_description":"En 2014 Roberto L\u00f3pez Mart\u00edn abordar\u00e1 el tema de la infancia y&hellip; Continuar leyendo &ldquo;Mu\u00f1ecas \/ Dolls&rdquo;&hellip;","og_url":"https:\/\/robertolopezmartin.com\/?page_id=278","og_site_name":"Roberto L\u00f3pez Mart\u00edn","article_modified_time":"2019-02-13T11:30:26+00:00","og_image":[{"url":"https:\/\/robertolopezmartin.com\/wp-content\/uploads\/2019\/02\/doll5-2-1-480x640.jpg","type":"","width":"","height":""}],"twitter_card":"summary_large_image","twitter_misc":{"Tiempo de lectura":"1 minuto"},"schema":{"@context":"https:\/\/schema.org","@graph":[{"@type":"WebPage","@id":"https:\/\/robertolopezmartin.com\/?page_id=278","url":"https:\/\/robertolopezmartin.com\/?page_id=278","name":"Mu\u00f1ecas \/ Dolls - Roberto L\u00f3pez Mart\u00edn","isPartOf":{"@id":"https:\/\/robertolopezmartin.com\/#website"},"datePublished":"2013-08-28T10:47:54+00:00","dateModified":"2019-02-13T11:30:26+00:00","breadcrumb":{"@id":"https:\/\/robertolopezmartin.com\/?page_id=278#breadcrumb"},"inLanguage":"es","potentialAction":[{"@type":"ReadAction","target":["https:\/\/robertolopezmartin.com\/?page_id=278"]}]},{"@type":"BreadcrumbList","@id":"https:\/\/robertolopezmartin.com\/?page_id=278#breadcrumb","itemListElement":[{"@type":"ListItem","position":1,"name":"Portada","item":"https:\/\/robertolopezmartin.com\/"},{"@type":"ListItem","position":2,"name":"Mu\u00f1ecas \/ Dolls"}]},{"@type":"WebSite","@id":"https:\/\/robertolopezmartin.com\/#website","url":"https:\/\/robertolopezmartin.com\/","name":"Roberto L\u00f3pez Mart\u00edn","description":"Artista Pl\u00e1stico","potentialAction":[{"@type":"SearchAction","target":{"@type":"EntryPoint","urlTemplate":"https:\/\/robertolopezmartin.com\/?s={search_term_string}"},"query-input":{"@type":"PropertyValueSpecification","valueRequired":true,"valueName":"search_term_string"}}],"inLanguage":"es"}]}},"_links":{"self":[{"href":"https:\/\/robertolopezmartin.com\/index.php?rest_route=\/wp\/v2\/pages\/278","targetHints":{"allow":["GET"]}}],"collection":[{"href":"https:\/\/robertolopezmartin.com\/index.php?rest_route=\/wp\/v2\/pages"}],"about":[{"href":"https:\/\/robertolopezmartin.com\/index.php?rest_route=\/wp\/v2\/types\/page"}],"author":[{"embeddable":true,"href":"https:\/\/robertolopezmartin.com\/index.php?rest_route=\/wp\/v2\/users\/1"}],"replies":[{"embeddable":true,"href":"https:\/\/robertolopezmartin.com\/index.php?rest_route=%2Fwp%2Fv2%2Fcomments&post=278"}],"version-history":[{"count":0,"href":"https:\/\/robertolopezmartin.com\/index.php?rest_route=\/wp\/v2\/pages\/278\/revisions"}],"wp:attachment":[{"href":"https:\/\/robertolopezmartin.com\/index.php?rest_route=%2Fwp%2Fv2%2Fmedia&parent=278"}],"curies":[{"name":"wp","href":"https:\/\/api.w.org\/{rel}","templated":true}]}}