{"id":23,"date":"2012-03-16T15:06:47","date_gmt":"2012-03-16T14:06:47","guid":{"rendered":"http:\/\/robertolopezmartin.com\/?page_id=23"},"modified":"2017-09-06T16:11:30","modified_gmt":"2017-09-06T15:11:30","slug":"galeria-2-pintura","status":"publish","type":"page","link":"https:\/\/robertolopezmartin.com\/?page_id=23","title":{"rendered":"Donde juegan los c\u00f3digos\/Where codes play"},"content":{"rendered":"<p><strong>Where codes play<\/strong><\/p>\n<p><strong>Roberto L\u00f3pez Mart\u00edn<\/strong><\/p>\n<p>&nbsp;<\/p>\n<p>These representations tell us about codes immersed in the images, and try to return them to give importance and weight to such as have been given throughout art history. So this way, I am claiming its importance as a cultural communication. The images that I compose are taken from the Internet, television and print media in addition to these I also use photographs of family members and friends. These photos are taken from different media, in order to mix them, through painting and collage representation, producing a palimpsest of information. The images are a mere pictorial collage of information and codes. The picture frame works as a framework for pictorial images of the mass media. The Relationship between daily life and familiar \u00a0with television. The visual anesthesia produced by excessive impact images. The irony into the images.<\/p>\n<p>&nbsp;<\/p>\n<p>&nbsp;<\/p>\n<p><strong>Donde juegan los c\u00f3digos<\/strong><\/p>\n<p><strong>Roberto L\u00f3pez Mart\u00edn<\/strong><\/p>\n<p>&nbsp;<\/p>\n<p>Estas representaciones nos hablan de los c\u00f3digos\u00a0 sumergidos en las im\u00e1genes,\u00a0 y con ellas\u00a0 intentar volver a dar importancia y peso\u00a0 a estas como se les ha dado a lo largo de la historia del arte, reivindicando as\u00ed, su importancia como elemento de comunicaci\u00f3n cultural. Las im\u00e1genes\u00a0 que compongo en el cuadro est\u00e1n sacadas de internet, medios de televisi\u00f3n y prensa, adem\u00e1s de estas tambi\u00e9n utilizo fotograf\u00edas de familiares y personas cercanas. Estas fotos sacadas de distintos medios se\u00a0 mezclan a trav\u00e9s de la pintura y la representaci\u00f3n a modo\u00a0 de collage, produciendo un palimpsesto de informaci\u00f3n. Las im\u00e1genes pict\u00f3ricas son un mero collage de informaci\u00f3n y c\u00f3digos. El marco del cuadro pict\u00f3rico hace de marco para las im\u00e1genes de los mass medias. La relaci\u00f3n entre lo\u00a0 cotidiano y lo familiar con\u00a0 la televisi\u00f3n. La anestesia\u00a0 visual y\u00a0 el exceso de impactos\u00a0 de im\u00e1genes. La iron\u00eda a trav\u00e9s de las im\u00e1genes.<\/p>\n<p>&nbsp;<\/p>\n<div id='gallery-1' class='gallery galleryid-23 gallery-columns-3 gallery-size-thumbnail'><figure class='gallery-item'>\n\t\t\t<div class='gallery-icon portrait'>\n\t\t\t\t<a href='https:\/\/robertolopezmartin.com\/wp-content\/uploads\/2012\/03\/Imagen2.png'><img loading=\"lazy\" decoding=\"async\" width=\"150\" height=\"150\" src=\"https:\/\/robertolopezmartin.com\/wp-content\/uploads\/2012\/03\/Imagen2-150x150.png\" class=\"attachment-thumbnail size-thumbnail\" alt=\"\" aria-describedby=\"gallery-1-137\" srcset=\"https:\/\/robertolopezmartin.com\/wp-content\/uploads\/2012\/03\/Imagen2-150x150.png 150w, https:\/\/robertolopezmartin.com\/wp-content\/uploads\/2012\/03\/Imagen2-100x100.png 100w, https:\/\/robertolopezmartin.com\/wp-content\/uploads\/2012\/03\/Imagen2-210x210.png 210w\" sizes=\"auto, (max-width: 150px) 100vw, 150px\" \/><\/a>\n\t\t\t<\/div>\n\t\t\t\t<figcaption class='wp-caption-text gallery-caption' id='gallery-1-137'>\n\t\t\t\tMr Micky\u00b4s House_Acrilico sobre  tabla con soporte digital_ 110x140cm\n\t\t\t\t<\/figcaption><\/figure><figure class='gallery-item'>\n\t\t\t<div class='gallery-icon portrait'>\n\t\t\t\t<a href='https:\/\/robertolopezmartin.com\/wp-content\/uploads\/2012\/03\/Imagen6.jpg'><img loading=\"lazy\" decoding=\"async\" width=\"150\" height=\"150\" src=\"https:\/\/robertolopezmartin.com\/wp-content\/uploads\/2012\/03\/Imagen6-150x150.jpg\" class=\"attachment-thumbnail size-thumbnail\" alt=\"\" aria-describedby=\"gallery-1-86\" srcset=\"https:\/\/robertolopezmartin.com\/wp-content\/uploads\/2012\/03\/Imagen6-150x150.jpg 150w, https:\/\/robertolopezmartin.com\/wp-content\/uploads\/2012\/03\/Imagen6-100x100.jpg 100w, https:\/\/robertolopezmartin.com\/wp-content\/uploads\/2012\/03\/Imagen6-210x210.jpg 210w\" sizes=\"auto, (max-width: 150px) 100vw, 150px\" \/><\/a>\n\t\t\t<\/div>\n\t\t\t\t<figcaption class='wp-caption-text gallery-caption' id='gallery-1-86'>\n\t\t\t\tSan Sebasti\u00e1n_\u00f3leo sobre tabla_120x60cm\n\t\t\t\t<\/figcaption><\/figure><figure class='gallery-item'>\n\t\t\t<div class='gallery-icon landscape'>\n\t\t\t\t<a href='https:\/\/robertolopezmartin.com\/wp-content\/uploads\/2012\/03\/ni\u00f1as-abc2.jpg'><img loading=\"lazy\" decoding=\"async\" width=\"150\" height=\"150\" src=\"https:\/\/robertolopezmartin.com\/wp-content\/uploads\/2012\/03\/ni\u00f1as-abc2-150x150.jpg\" class=\"attachment-thumbnail size-thumbnail\" alt=\"\" aria-describedby=\"gallery-1-136\" srcset=\"https:\/\/robertolopezmartin.com\/wp-content\/uploads\/2012\/03\/ni\u00f1as-abc2-150x150.jpg 150w, https:\/\/robertolopezmartin.com\/wp-content\/uploads\/2012\/03\/ni\u00f1as-abc2-100x100.jpg 100w, https:\/\/robertolopezmartin.com\/wp-content\/uploads\/2012\/03\/ni\u00f1as-abc2-210x210.jpg 210w\" sizes=\"auto, (max-width: 150px) 100vw, 150px\" \/><\/a>\n\t\t\t<\/div>\n\t\t\t\t<figcaption class='wp-caption-text gallery-caption' id='gallery-1-136'>\n\t\t\t\tPatio de recreo_Caja de luz, acr\u00edlico sobre tabla con mirillas_ 200&#215;100\n\t\t\t\t<\/figcaption><\/figure><figure class='gallery-item'>\n\t\t\t<div class='gallery-icon portrait'>\n\t\t\t\t<a href='https:\/\/robertolopezmartin.com\/wp-content\/uploads\/2012\/03\/Imagen7.jpg'><img loading=\"lazy\" decoding=\"async\" width=\"150\" height=\"150\" src=\"https:\/\/robertolopezmartin.com\/wp-content\/uploads\/2012\/03\/Imagen7-150x150.jpg\" class=\"attachment-thumbnail size-thumbnail\" alt=\"\" aria-describedby=\"gallery-1-87\" srcset=\"https:\/\/robertolopezmartin.com\/wp-content\/uploads\/2012\/03\/Imagen7-150x150.jpg 150w, https:\/\/robertolopezmartin.com\/wp-content\/uploads\/2012\/03\/Imagen7-100x100.jpg 100w, https:\/\/robertolopezmartin.com\/wp-content\/uploads\/2012\/03\/Imagen7-210x210.jpg 210w\" sizes=\"auto, (max-width: 150px) 100vw, 150px\" \/><\/a>\n\t\t\t<\/div>\n\t\t\t\t<figcaption class='wp-caption-text gallery-caption' id='gallery-1-87'>\n\t\t\t\tLa princesa sin guisante_\u00f3leo sobre tabla_80x60cm\n\t\t\t\t<\/figcaption><\/figure><figure class='gallery-item'>\n\t\t\t<div class='gallery-icon portrait'>\n\t\t\t\t<a href='https:\/\/robertolopezmartin.com\/wp-content\/uploads\/2012\/03\/Imagen4.jpg'><img loading=\"lazy\" decoding=\"async\" width=\"150\" height=\"150\" src=\"https:\/\/robertolopezmartin.com\/wp-content\/uploads\/2012\/03\/Imagen4-150x150.jpg\" class=\"attachment-thumbnail size-thumbnail\" alt=\"\" aria-describedby=\"gallery-1-85\" srcset=\"https:\/\/robertolopezmartin.com\/wp-content\/uploads\/2012\/03\/Imagen4-150x150.jpg 150w, https:\/\/robertolopezmartin.com\/wp-content\/uploads\/2012\/03\/Imagen4-100x100.jpg 100w, https:\/\/robertolopezmartin.com\/wp-content\/uploads\/2012\/03\/Imagen4-210x210.jpg 210w\" sizes=\"auto, (max-width: 150px) 100vw, 150px\" \/><\/a>\n\t\t\t<\/div>\n\t\t\t\t<figcaption class='wp-caption-text gallery-caption' id='gallery-1-85'>\n\t\t\t\tMi Padre_Acr\u00edlico sobre tabla_110x140 cm\n\t\t\t\t<\/figcaption><\/figure><figure class='gallery-item'>\n\t\t\t<div class='gallery-icon landscape'>\n\t\t\t\t<a href='https:\/\/robertolopezmartin.com\/wp-content\/uploads\/2012\/03\/Que-linda-pelicula-papa-2010-Tecnica-mixta-110x140-cm.jpg'><img loading=\"lazy\" decoding=\"async\" width=\"150\" height=\"150\" src=\"https:\/\/robertolopezmartin.com\/wp-content\/uploads\/2012\/03\/Que-linda-pelicula-papa-2010-Tecnica-mixta-110x140-cm-150x150.jpg\" class=\"attachment-thumbnail size-thumbnail\" alt=\"\" aria-describedby=\"gallery-1-204\" srcset=\"https:\/\/robertolopezmartin.com\/wp-content\/uploads\/2012\/03\/Que-linda-pelicula-papa-2010-Tecnica-mixta-110x140-cm-150x150.jpg 150w, https:\/\/robertolopezmartin.com\/wp-content\/uploads\/2012\/03\/Que-linda-pelicula-papa-2010-Tecnica-mixta-110x140-cm-300x297.jpg 300w, https:\/\/robertolopezmartin.com\/wp-content\/uploads\/2012\/03\/Que-linda-pelicula-papa-2010-Tecnica-mixta-110x140-cm-1024x1015.jpg 1024w, https:\/\/robertolopezmartin.com\/wp-content\/uploads\/2012\/03\/Que-linda-pelicula-papa-2010-Tecnica-mixta-110x140-cm-100x100.jpg 100w, https:\/\/robertolopezmartin.com\/wp-content\/uploads\/2012\/03\/Que-linda-pelicula-papa-2010-Tecnica-mixta-110x140-cm-210x210.jpg 210w, https:\/\/robertolopezmartin.com\/wp-content\/uploads\/2012\/03\/Que-linda-pelicula-papa-2010-Tecnica-mixta-110x140-cm.jpg 1673w\" sizes=\"auto, (max-width: 150px) 100vw, 150px\" \/><\/a>\n\t\t\t<\/div>\n\t\t\t\t<figcaption class='wp-caption-text gallery-caption' id='gallery-1-204'>\n\t\t\t\tQue linda pelicula papa!_2010, Tecnica mixta_110x140 cm\n\t\t\t\t<\/figcaption><\/figure><figure class='gallery-item'>\n\t\t\t<div class='gallery-icon landscape'>\n\t\t\t\t<a href='https:\/\/robertolopezmartin.com\/wp-content\/uploads\/2012\/03\/Imagen9.jpg'><img loading=\"lazy\" decoding=\"async\" width=\"150\" height=\"150\" src=\"https:\/\/robertolopezmartin.com\/wp-content\/uploads\/2012\/03\/Imagen9-150x150.jpg\" class=\"attachment-thumbnail size-thumbnail\" alt=\"\" aria-describedby=\"gallery-1-89\" srcset=\"https:\/\/robertolopezmartin.com\/wp-content\/uploads\/2012\/03\/Imagen9-150x150.jpg 150w, https:\/\/robertolopezmartin.com\/wp-content\/uploads\/2012\/03\/Imagen9-100x100.jpg 100w, https:\/\/robertolopezmartin.com\/wp-content\/uploads\/2012\/03\/Imagen9-210x210.jpg 210w\" sizes=\"auto, (max-width: 150px) 100vw, 150px\" \/><\/a>\n\t\t\t<\/div>\n\t\t\t\t<figcaption class='wp-caption-text gallery-caption' id='gallery-1-89'>\n\t\t\t\tNarciso II y lo moderno_\u00f3leo sobre lienzo _80x60cm\n\t\t\t\t<\/figcaption><\/figure><figure class='gallery-item'>\n\t\t\t<div class='gallery-icon portrait'>\n\t\t\t\t<a href='https:\/\/robertolopezmartin.com\/wp-content\/uploads\/2012\/03\/Imagen8.jpg'><img loading=\"lazy\" decoding=\"async\" width=\"150\" height=\"150\" src=\"https:\/\/robertolopezmartin.com\/wp-content\/uploads\/2012\/03\/Imagen8-150x150.jpg\" class=\"attachment-thumbnail size-thumbnail\" alt=\"\" aria-describedby=\"gallery-1-88\" srcset=\"https:\/\/robertolopezmartin.com\/wp-content\/uploads\/2012\/03\/Imagen8-150x150.jpg 150w, https:\/\/robertolopezmartin.com\/wp-content\/uploads\/2012\/03\/Imagen8-100x100.jpg 100w, https:\/\/robertolopezmartin.com\/wp-content\/uploads\/2012\/03\/Imagen8-210x210.jpg 210w\" sizes=\"auto, (max-width: 150px) 100vw, 150px\" \/><\/a>\n\t\t\t<\/div>\n\t\t\t\t<figcaption class='wp-caption-text gallery-caption' id='gallery-1-88'>\n\t\t\t\tNarciso perdido_\u00f3leo sobre tabla_ 80x60cm\n\t\t\t\t<\/figcaption><\/figure><figure class='gallery-item'>\n\t\t\t<div class='gallery-icon portrait'>\n\t\t\t\t<a href='https:\/\/robertolopezmartin.com\/wp-content\/uploads\/2012\/03\/GHHGFHHGFH.png'><img loading=\"lazy\" decoding=\"async\" width=\"150\" height=\"150\" src=\"https:\/\/robertolopezmartin.com\/wp-content\/uploads\/2012\/03\/GHHGFHHGFH-150x150.png\" class=\"attachment-thumbnail size-thumbnail\" alt=\"\" aria-describedby=\"gallery-1-138\" srcset=\"https:\/\/robertolopezmartin.com\/wp-content\/uploads\/2012\/03\/GHHGFHHGFH-150x150.png 150w, https:\/\/robertolopezmartin.com\/wp-content\/uploads\/2012\/03\/GHHGFHHGFH-100x100.png 100w, https:\/\/robertolopezmartin.com\/wp-content\/uploads\/2012\/03\/GHHGFHHGFH-210x210.png 210w\" sizes=\"auto, (max-width: 150px) 100vw, 150px\" \/><\/a>\n\t\t\t<\/div>\n\t\t\t\t<figcaption class='wp-caption-text gallery-caption' id='gallery-1-138'>\n\t\t\t\tEspejito, espejito_T\u00e9cnica mixta  sobre tabla_200x100 cm\n\t\t\t\t<\/figcaption><\/figure>\n\t\t<\/div>\n\n<div>\n<div id=\"-chrome-auto-translate-plugin-dialog\" style=\"display: none; opacity: 1 !important; border-color: none !important; background: transparent !important; padding: 0 !important; margin: 0 !important; position: absolute !important; top: 0; left: 0; overflow: visible !important; z-index: 999999 !important; text-align: left !important;\">\n<p><img decoding=\"async\" style=\"position: absolute !important; z-index: -1 !important; right: 1px !important; top: -20px !important; cursor: pointer !important; background-color: rgba(200, 200, 200, 0.3) !important; padding: 3px 5px 0 !important; margin: 0 !important;\" src=\"http:\/\/www.google.com\/uds\/css\/small-logo.png\" alt=\"\" \/><\/p>\n<\/div>\n<\/div>\n","protected":false},"excerpt":{"rendered":"<div class=\"entry-summary\">\nWhere codes play Roberto L\u00f3pez Mart\u00edn &nbsp; These representations tell us about&hellip;\n<\/div>\n<div class=\"link-more\"><a href=\"https:\/\/robertolopezmartin.com\/?page_id=23\" class=\"more-link\">Continuar leyendo<span class=\"screen-reader-text\"> &ldquo;Donde juegan los c\u00f3digos\/Where codes play&rdquo;<\/span>&hellip;<\/a><\/div>\n","protected":false},"author":1,"featured_media":0,"parent":0,"menu_order":0,"comment_status":"closed","ping_status":"closed","template":"","meta":{"footnotes":""},"class_list":["post-23","page","type-page","status-publish","hentry","entry"],"yoast_head":"<!-- This site is optimized with the Yoast SEO plugin v27.5 - https:\/\/yoast.com\/product\/yoast-seo-wordpress\/ -->\n<title>Donde juegan los c\u00f3digos\/Where codes play - Roberto L\u00f3pez Mart\u00edn<\/title>\n<meta name=\"robots\" content=\"index, follow, max-snippet:-1, max-image-preview:large, max-video-preview:-1\" \/>\n<link rel=\"canonical\" href=\"https:\/\/robertolopezmartin.com\/?page_id=23\" \/>\n<meta property=\"og:locale\" content=\"es_ES\" \/>\n<meta property=\"og:type\" content=\"article\" \/>\n<meta property=\"og:title\" content=\"Donde juegan los c\u00f3digos\/Where codes play - Roberto L\u00f3pez Mart\u00edn\" \/>\n<meta property=\"og:description\" content=\"Where codes play Roberto L\u00f3pez Mart\u00edn &nbsp; These representations tell us about&hellip; Continuar leyendo &ldquo;Donde juegan los c\u00f3digos\/Where codes play&rdquo;&hellip;\" \/>\n<meta property=\"og:url\" content=\"https:\/\/robertolopezmartin.com\/?page_id=23\" \/>\n<meta property=\"og:site_name\" content=\"Roberto L\u00f3pez Mart\u00edn\" \/>\n<meta property=\"article:modified_time\" content=\"2017-09-06T15:11:30+00:00\" \/>\n<meta property=\"og:image\" content=\"https:\/\/robertolopezmartin.com\/wp-content\/uploads\/2012\/03\/Imagen9-150x150.jpg\" \/>\n<meta name=\"twitter:card\" content=\"summary_large_image\" \/>\n<meta name=\"twitter:label1\" content=\"Tiempo de lectura\" \/>\n\t<meta name=\"twitter:data1\" content=\"2 minutos\" \/>\n<script type=\"application\/ld+json\" class=\"yoast-schema-graph\">{\"@context\":\"https:\\\/\\\/schema.org\",\"@graph\":[{\"@type\":\"WebPage\",\"@id\":\"https:\\\/\\\/robertolopezmartin.com\\\/?page_id=23\",\"url\":\"https:\\\/\\\/robertolopezmartin.com\\\/?page_id=23\",\"name\":\"Donde juegan los c\u00f3digos\\\/Where codes play - Roberto L\u00f3pez Mart\u00edn\",\"isPartOf\":{\"@id\":\"https:\\\/\\\/robertolopezmartin.com\\\/#website\"},\"primaryImageOfPage\":{\"@id\":\"https:\\\/\\\/robertolopezmartin.com\\\/?page_id=23#primaryimage\"},\"image\":{\"@id\":\"https:\\\/\\\/robertolopezmartin.com\\\/?page_id=23#primaryimage\"},\"thumbnailUrl\":\"http:\\\/\\\/www.google.com\\\/uds\\\/css\\\/small-logo.png\",\"datePublished\":\"2012-03-16T14:06:47+00:00\",\"dateModified\":\"2017-09-06T15:11:30+00:00\",\"breadcrumb\":{\"@id\":\"https:\\\/\\\/robertolopezmartin.com\\\/?page_id=23#breadcrumb\"},\"inLanguage\":\"es\",\"potentialAction\":[{\"@type\":\"ReadAction\",\"target\":[\"https:\\\/\\\/robertolopezmartin.com\\\/?page_id=23\"]}]},{\"@type\":\"ImageObject\",\"inLanguage\":\"es\",\"@id\":\"https:\\\/\\\/robertolopezmartin.com\\\/?page_id=23#primaryimage\",\"url\":\"http:\\\/\\\/www.google.com\\\/uds\\\/css\\\/small-logo.png\",\"contentUrl\":\"http:\\\/\\\/www.google.com\\\/uds\\\/css\\\/small-logo.png\"},{\"@type\":\"BreadcrumbList\",\"@id\":\"https:\\\/\\\/robertolopezmartin.com\\\/?page_id=23#breadcrumb\",\"itemListElement\":[{\"@type\":\"ListItem\",\"position\":1,\"name\":\"Portada\",\"item\":\"https:\\\/\\\/robertolopezmartin.com\\\/\"},{\"@type\":\"ListItem\",\"position\":2,\"name\":\"Donde juegan los c\u00f3digos\\\/Where codes play\"}]},{\"@type\":\"WebSite\",\"@id\":\"https:\\\/\\\/robertolopezmartin.com\\\/#website\",\"url\":\"https:\\\/\\\/robertolopezmartin.com\\\/\",\"name\":\"Roberto L\u00f3pez Mart\u00edn\",\"description\":\"Artista Pl\u00e1stico\",\"potentialAction\":[{\"@type\":\"SearchAction\",\"target\":{\"@type\":\"EntryPoint\",\"urlTemplate\":\"https:\\\/\\\/robertolopezmartin.com\\\/?s={search_term_string}\"},\"query-input\":{\"@type\":\"PropertyValueSpecification\",\"valueRequired\":true,\"valueName\":\"search_term_string\"}}],\"inLanguage\":\"es\"}]}<\/script>\n<!-- \/ Yoast SEO plugin. -->","yoast_head_json":{"title":"Donde juegan los c\u00f3digos\/Where codes play - Roberto L\u00f3pez Mart\u00edn","robots":{"index":"index","follow":"follow","max-snippet":"max-snippet:-1","max-image-preview":"max-image-preview:large","max-video-preview":"max-video-preview:-1"},"canonical":"https:\/\/robertolopezmartin.com\/?page_id=23","og_locale":"es_ES","og_type":"article","og_title":"Donde juegan los c\u00f3digos\/Where codes play - Roberto L\u00f3pez Mart\u00edn","og_description":"Where codes play Roberto L\u00f3pez Mart\u00edn &nbsp; These representations tell us about&hellip; Continuar leyendo &ldquo;Donde juegan los c\u00f3digos\/Where codes play&rdquo;&hellip;","og_url":"https:\/\/robertolopezmartin.com\/?page_id=23","og_site_name":"Roberto L\u00f3pez Mart\u00edn","article_modified_time":"2017-09-06T15:11:30+00:00","og_image":[{"url":"https:\/\/robertolopezmartin.com\/wp-content\/uploads\/2012\/03\/Imagen9-150x150.jpg","type":"","width":"","height":""}],"twitter_card":"summary_large_image","twitter_misc":{"Tiempo de lectura":"2 minutos"},"schema":{"@context":"https:\/\/schema.org","@graph":[{"@type":"WebPage","@id":"https:\/\/robertolopezmartin.com\/?page_id=23","url":"https:\/\/robertolopezmartin.com\/?page_id=23","name":"Donde juegan los c\u00f3digos\/Where codes play - Roberto L\u00f3pez Mart\u00edn","isPartOf":{"@id":"https:\/\/robertolopezmartin.com\/#website"},"primaryImageOfPage":{"@id":"https:\/\/robertolopezmartin.com\/?page_id=23#primaryimage"},"image":{"@id":"https:\/\/robertolopezmartin.com\/?page_id=23#primaryimage"},"thumbnailUrl":"http:\/\/www.google.com\/uds\/css\/small-logo.png","datePublished":"2012-03-16T14:06:47+00:00","dateModified":"2017-09-06T15:11:30+00:00","breadcrumb":{"@id":"https:\/\/robertolopezmartin.com\/?page_id=23#breadcrumb"},"inLanguage":"es","potentialAction":[{"@type":"ReadAction","target":["https:\/\/robertolopezmartin.com\/?page_id=23"]}]},{"@type":"ImageObject","inLanguage":"es","@id":"https:\/\/robertolopezmartin.com\/?page_id=23#primaryimage","url":"http:\/\/www.google.com\/uds\/css\/small-logo.png","contentUrl":"http:\/\/www.google.com\/uds\/css\/small-logo.png"},{"@type":"BreadcrumbList","@id":"https:\/\/robertolopezmartin.com\/?page_id=23#breadcrumb","itemListElement":[{"@type":"ListItem","position":1,"name":"Portada","item":"https:\/\/robertolopezmartin.com\/"},{"@type":"ListItem","position":2,"name":"Donde juegan los c\u00f3digos\/Where codes play"}]},{"@type":"WebSite","@id":"https:\/\/robertolopezmartin.com\/#website","url":"https:\/\/robertolopezmartin.com\/","name":"Roberto L\u00f3pez Mart\u00edn","description":"Artista Pl\u00e1stico","potentialAction":[{"@type":"SearchAction","target":{"@type":"EntryPoint","urlTemplate":"https:\/\/robertolopezmartin.com\/?s={search_term_string}"},"query-input":{"@type":"PropertyValueSpecification","valueRequired":true,"valueName":"search_term_string"}}],"inLanguage":"es"}]}},"_links":{"self":[{"href":"https:\/\/robertolopezmartin.com\/index.php?rest_route=\/wp\/v2\/pages\/23","targetHints":{"allow":["GET"]}}],"collection":[{"href":"https:\/\/robertolopezmartin.com\/index.php?rest_route=\/wp\/v2\/pages"}],"about":[{"href":"https:\/\/robertolopezmartin.com\/index.php?rest_route=\/wp\/v2\/types\/page"}],"author":[{"embeddable":true,"href":"https:\/\/robertolopezmartin.com\/index.php?rest_route=\/wp\/v2\/users\/1"}],"replies":[{"embeddable":true,"href":"https:\/\/robertolopezmartin.com\/index.php?rest_route=%2Fwp%2Fv2%2Fcomments&post=23"}],"version-history":[{"count":0,"href":"https:\/\/robertolopezmartin.com\/index.php?rest_route=\/wp\/v2\/pages\/23\/revisions"}],"wp:attachment":[{"href":"https:\/\/robertolopezmartin.com\/index.php?rest_route=%2Fwp%2Fv2%2Fmedia&parent=23"}],"curies":[{"name":"wp","href":"https:\/\/api.w.org\/{rel}","templated":true}]}}