{"id":198,"date":"2012-04-25T21:16:01","date_gmt":"2012-04-25T20:16:01","guid":{"rendered":"http:\/\/robertolopezmartin.com\/?page_id=198"},"modified":"2017-09-05T00:14:08","modified_gmt":"2017-09-04T23:14:08","slug":"proyectos","status":"publish","type":"page","link":"https:\/\/robertolopezmartin.com\/?page_id=198","title":{"rendered":"\u00a1Juegue con ellos! Dele Ud. Tambi\u00e9n es un peluche\/ Serie Momentos familiares \/Play with them! Give you a stuffed animal is also\/SERIES FAMILY MOMENTS"},"content":{"rendered":"<p>Volver a acceder a estas fotograf\u00edas supuso enfrentarse con un archivo de im\u00e1genes fotogr\u00e1ficas que, a priori, le distanciaban de la pantalla cat\u00f3dica desde donde sol\u00eda rastrear los dispositivos configuradores de las subjetividades contempor\u00e1neas. Eran fotograf\u00edas familiares en el espacio dom\u00e9stico, im\u00e1genes donde tanto \u00e9l como su hermana aparecen en un sinf\u00edn de situaciones de la vida cotidiana. Un archivo de intimidad desdibujado y da\u00f1ado por el paso del tiempo que adquir\u00eda un valor de objeto \u00fanico y no reproducible al no contar ya con las tiras de pel\u00edcula de negativo. Ser\u00e1n, algunas de estas copias fotogr\u00e1ficas, \u00fanicas y no reproducibles al menos desde su negativo original, las que seleccionar\u00eda L\u00f3pez Mart\u00edn para construir un nuevo \u00e1lbum-archivo desde donde seguir repensando los c\u00f3digos moldeadores de su propia identidad.<\/p>\n<p>El \u00e1lbum fotogr\u00e1fico de L\u00f3pez Mart\u00edn nos pone antela tesitura de intentar encontrar las razones por las que, pese a nuestro consumo masivo de im\u00e1genes medi\u00e1ticas de alto contenido monstruoso, en la vida real la diferencia f\u00edsica todav\u00eda nos sigue violentando de tal manera que se convierte en pura patolog\u00eda. Supone enfrentarnos a nuestros m\u00e1s profundos prejuicios y complejos sobre la apariencia monstruosa de nuestra propia corporeidad cuando se expone a los mecanismos medi\u00e1ticos de construir subjetividades y c\u00e1nones de belleza. Pasar sus p\u00e1ginas nos invita a cuestionar las formas en las que desde la infancia hemos sido socializados desde lo l\u00fadico y los bul\u00edmicos modos de consumir lo violento y lo monstruoso en los que todo nativo digital ha sido educado.<\/p>\n<div id='gallery-1' class='gallery galleryid-198 gallery-columns-3 gallery-size-thumbnail'><figure class='gallery-item'>\n\t\t\t<div class='gallery-icon landscape'>\n\t\t\t\t<a href='https:\/\/robertolopezmartin.com\/wp-content\/uploads\/2014\/02\/Imagen1.jpg'><img loading=\"lazy\" decoding=\"async\" width=\"150\" height=\"150\" src=\"https:\/\/robertolopezmartin.com\/wp-content\/uploads\/2014\/02\/Imagen1-150x150.jpg\" class=\"attachment-thumbnail size-thumbnail\" alt=\"\" aria-describedby=\"gallery-1-435\" srcset=\"https:\/\/robertolopezmartin.com\/wp-content\/uploads\/2014\/02\/Imagen1-150x150.jpg 150w, https:\/\/robertolopezmartin.com\/wp-content\/uploads\/2014\/02\/Imagen1-100x100.jpg 100w, https:\/\/robertolopezmartin.com\/wp-content\/uploads\/2014\/02\/Imagen1-210x210.jpg 210w, https:\/\/robertolopezmartin.com\/wp-content\/uploads\/2014\/02\/Imagen1-144x144.jpg 144w\" sizes=\"auto, (max-width: 150px) 100vw, 150px\" \/><\/a>\n\t\t\t<\/div>\n\t\t\t\t<figcaption class='wp-caption-text gallery-caption' id='gallery-1-435'>\n\t\t\t\tNi\u00f1os -peluches _serie momentos familiares 30x40cm\n\t\t\t\t<\/figcaption><\/figure><figure class='gallery-item'>\n\t\t\t<div class='gallery-icon portrait'>\n\t\t\t\t<a href='https:\/\/robertolopezmartin.com\/wp-content\/uploads\/2014\/02\/Imagen3.jpg'><img loading=\"lazy\" decoding=\"async\" width=\"150\" height=\"150\" src=\"https:\/\/robertolopezmartin.com\/wp-content\/uploads\/2014\/02\/Imagen3-150x150.jpg\" class=\"attachment-thumbnail size-thumbnail\" alt=\"\" aria-describedby=\"gallery-1-434\" srcset=\"https:\/\/robertolopezmartin.com\/wp-content\/uploads\/2014\/02\/Imagen3-150x150.jpg 150w, https:\/\/robertolopezmartin.com\/wp-content\/uploads\/2014\/02\/Imagen3-100x100.jpg 100w, https:\/\/robertolopezmartin.com\/wp-content\/uploads\/2014\/02\/Imagen3-210x210.jpg 210w, https:\/\/robertolopezmartin.com\/wp-content\/uploads\/2014\/02\/Imagen3-144x144.jpg 144w\" sizes=\"auto, (max-width: 150px) 100vw, 150px\" \/><\/a>\n\t\t\t<\/div>\n\t\t\t\t<figcaption class='wp-caption-text gallery-caption' id='gallery-1-434'>\n\t\t\t\tNi\u00f1os -peluche _serie momentos familiares 50x40cm\n\t\t\t\t<\/figcaption><\/figure><figure class='gallery-item'>\n\t\t\t<div class='gallery-icon landscape'>\n\t\t\t\t<a href='https:\/\/robertolopezmartin.com\/wp-content\/uploads\/2014\/02\/imagen2.jpg'><img loading=\"lazy\" decoding=\"async\" width=\"150\" height=\"150\" src=\"https:\/\/robertolopezmartin.com\/wp-content\/uploads\/2014\/02\/imagen2-150x150.jpg\" class=\"attachment-thumbnail size-thumbnail\" alt=\"\" aria-describedby=\"gallery-1-436\" srcset=\"https:\/\/robertolopezmartin.com\/wp-content\/uploads\/2014\/02\/imagen2-150x150.jpg 150w, https:\/\/robertolopezmartin.com\/wp-content\/uploads\/2014\/02\/imagen2-100x100.jpg 100w, https:\/\/robertolopezmartin.com\/wp-content\/uploads\/2014\/02\/imagen2-210x210.jpg 210w, https:\/\/robertolopezmartin.com\/wp-content\/uploads\/2014\/02\/imagen2-144x144.jpg 144w\" sizes=\"auto, (max-width: 150px) 100vw, 150px\" \/><\/a>\n\t\t\t<\/div>\n\t\t\t\t<figcaption class='wp-caption-text gallery-caption' id='gallery-1-436'>\n\t\t\t\tNi\u00f1os -peluche _ serie momentos familiares 30x40cm\n\t\t\t\t<\/figcaption><\/figure><figure class='gallery-item'>\n\t\t\t<div class='gallery-icon portrait'>\n\t\t\t\t<a href='https:\/\/robertolopezmartin.com\/wp-content\/uploads\/2014\/02\/IMG_20150422_174727.jpg'><img loading=\"lazy\" decoding=\"async\" width=\"150\" height=\"150\" src=\"https:\/\/robertolopezmartin.com\/wp-content\/uploads\/2014\/02\/IMG_20150422_174727-150x150.jpg\" class=\"attachment-thumbnail size-thumbnail\" alt=\"\" aria-describedby=\"gallery-1-479\" srcset=\"https:\/\/robertolopezmartin.com\/wp-content\/uploads\/2014\/02\/IMG_20150422_174727-150x150.jpg 150w, https:\/\/robertolopezmartin.com\/wp-content\/uploads\/2014\/02\/IMG_20150422_174727-100x100.jpg 100w, https:\/\/robertolopezmartin.com\/wp-content\/uploads\/2014\/02\/IMG_20150422_174727-210x210.jpg 210w, https:\/\/robertolopezmartin.com\/wp-content\/uploads\/2014\/02\/IMG_20150422_174727-144x144.jpg 144w\" sizes=\"auto, (max-width: 150px) 100vw, 150px\" \/><\/a>\n\t\t\t<\/div>\n\t\t\t\t<figcaption class='wp-caption-text gallery-caption' id='gallery-1-479'>\n\t\t\t\tNi\u00f1os -peluches _serie momentos familiares 30x40cm\n\t\t\t\t<\/figcaption><\/figure><figure class='gallery-item'>\n\t\t\t<div class='gallery-icon landscape'>\n\t\t\t\t<a href='https:\/\/robertolopezmartin.com\/wp-content\/uploads\/2012\/04\/VANESA-BAJA.jpg'><img loading=\"lazy\" decoding=\"async\" width=\"150\" height=\"150\" src=\"https:\/\/robertolopezmartin.com\/wp-content\/uploads\/2012\/04\/VANESA-BAJA-150x150.jpg\" class=\"attachment-thumbnail size-thumbnail\" alt=\"\" aria-describedby=\"gallery-1-499\" srcset=\"https:\/\/robertolopezmartin.com\/wp-content\/uploads\/2012\/04\/VANESA-BAJA-150x150.jpg 150w, https:\/\/robertolopezmartin.com\/wp-content\/uploads\/2012\/04\/VANESA-BAJA-100x100.jpg 100w, https:\/\/robertolopezmartin.com\/wp-content\/uploads\/2012\/04\/VANESA-BAJA-210x210.jpg 210w, https:\/\/robertolopezmartin.com\/wp-content\/uploads\/2012\/04\/VANESA-BAJA-144x144.jpg 144w\" sizes=\"auto, (max-width: 150px) 100vw, 150px\" \/><\/a>\n\t\t\t<\/div>\n\t\t\t\t<figcaption class='wp-caption-text gallery-caption' id='gallery-1-499'>\n\t\t\t\tNi\u00f1os -peluche _serie momentos familiares 50x40cm\n\t\t\t\t<\/figcaption><\/figure><figure class='gallery-item'>\n\t\t\t<div class='gallery-icon portrait'>\n\t\t\t\t<a href='https:\/\/robertolopezmartin.com\/wp-content\/uploads\/2012\/04\/VANESA2-BAJA.jpg'><img loading=\"lazy\" decoding=\"async\" width=\"150\" height=\"150\" src=\"https:\/\/robertolopezmartin.com\/wp-content\/uploads\/2012\/04\/VANESA2-BAJA-150x150.jpg\" class=\"attachment-thumbnail size-thumbnail\" alt=\"\" aria-describedby=\"gallery-1-500\" srcset=\"https:\/\/robertolopezmartin.com\/wp-content\/uploads\/2012\/04\/VANESA2-BAJA-150x150.jpg 150w, https:\/\/robertolopezmartin.com\/wp-content\/uploads\/2012\/04\/VANESA2-BAJA-100x100.jpg 100w, https:\/\/robertolopezmartin.com\/wp-content\/uploads\/2012\/04\/VANESA2-BAJA-210x210.jpg 210w, https:\/\/robertolopezmartin.com\/wp-content\/uploads\/2012\/04\/VANESA2-BAJA-144x144.jpg 144w\" sizes=\"auto, (max-width: 150px) 100vw, 150px\" \/><\/a>\n\t\t\t<\/div>\n\t\t\t\t<figcaption class='wp-caption-text gallery-caption' id='gallery-1-500'>\n\t\t\t\tNi\u00f1os -peluche _ serie momentos familiares 30x40cm\n\t\t\t\t<\/figcaption><\/figure>\n\t\t<\/div>\n\n","protected":false},"excerpt":{"rendered":"<div class=\"entry-summary\">\nVolver a acceder a estas fotograf\u00edas supuso enfrentarse con un archivo de&hellip;\n<\/div>\n<div class=\"link-more\"><a href=\"https:\/\/robertolopezmartin.com\/?page_id=198\" class=\"more-link\">Continuar leyendo<span class=\"screen-reader-text\"> &ldquo;\u00a1Juegue con ellos! Dele Ud. Tambi\u00e9n es un peluche\/ Serie Momentos familiares \/Play with them! Give you a stuffed animal is also\/SERIES FAMILY MOMENTS&rdquo;<\/span>&hellip;<\/a><\/div>\n","protected":false},"author":1,"featured_media":0,"parent":0,"menu_order":0,"comment_status":"closed","ping_status":"closed","template":"","meta":{"footnotes":""},"class_list":["post-198","page","type-page","status-publish","hentry","entry"],"yoast_head":"<!-- This site is optimized with the Yoast SEO plugin v27.5 - https:\/\/yoast.com\/product\/yoast-seo-wordpress\/ -->\n<title>\u00a1Juegue con ellos! Dele Ud. Tambi\u00e9n es un peluche\/ Serie Momentos familiares \/Play with them! Give you a stuffed animal is also\/SERIES FAMILY MOMENTS - Roberto L\u00f3pez Mart\u00edn<\/title>\n<meta name=\"robots\" content=\"index, follow, max-snippet:-1, max-image-preview:large, max-video-preview:-1\" \/>\n<link rel=\"canonical\" href=\"https:\/\/robertolopezmartin.com\/?page_id=198\" \/>\n<meta property=\"og:locale\" content=\"es_ES\" \/>\n<meta property=\"og:type\" content=\"article\" \/>\n<meta property=\"og:title\" content=\"\u00a1Juegue con ellos! Dele Ud. Tambi\u00e9n es un peluche\/ Serie Momentos familiares \/Play with them! Give you a stuffed animal is also\/SERIES FAMILY MOMENTS - Roberto L\u00f3pez Mart\u00edn\" \/>\n<meta property=\"og:description\" content=\"Volver a acceder a estas fotograf\u00edas supuso enfrentarse con un archivo de&hellip; Continuar leyendo &ldquo;\u00a1Juegue con ellos! Dele Ud. Tambi\u00e9n es un peluche\/ Serie Momentos familiares \/Play with them! Give you a stuffed animal is also\/SERIES FAMILY MOMENTS&rdquo;&hellip;\" \/>\n<meta property=\"og:url\" content=\"https:\/\/robertolopezmartin.com\/?page_id=198\" \/>\n<meta property=\"og:site_name\" content=\"Roberto L\u00f3pez Mart\u00edn\" \/>\n<meta property=\"article:modified_time\" content=\"2017-09-04T23:14:08+00:00\" \/>\n<meta property=\"og:image\" content=\"https:\/\/robertolopezmartin.com\/wp-content\/uploads\/2014\/02\/Imagen1-150x150.jpg\" \/>\n<meta name=\"twitter:card\" content=\"summary_large_image\" \/>\n<meta name=\"twitter:label1\" content=\"Tiempo de lectura\" \/>\n\t<meta name=\"twitter:data1\" content=\"1 minuto\" \/>\n<script type=\"application\/ld+json\" class=\"yoast-schema-graph\">{\"@context\":\"https:\\\/\\\/schema.org\",\"@graph\":[{\"@type\":\"WebPage\",\"@id\":\"https:\\\/\\\/robertolopezmartin.com\\\/?page_id=198\",\"url\":\"https:\\\/\\\/robertolopezmartin.com\\\/?page_id=198\",\"name\":\"\u00a1Juegue con ellos! Dele Ud. Tambi\u00e9n es un peluche\\\/ Serie Momentos familiares \\\/Play with them! Give you a stuffed animal is also\\\/SERIES FAMILY MOMENTS - Roberto L\u00f3pez Mart\u00edn\",\"isPartOf\":{\"@id\":\"https:\\\/\\\/robertolopezmartin.com\\\/#website\"},\"datePublished\":\"2012-04-25T20:16:01+00:00\",\"dateModified\":\"2017-09-04T23:14:08+00:00\",\"breadcrumb\":{\"@id\":\"https:\\\/\\\/robertolopezmartin.com\\\/?page_id=198#breadcrumb\"},\"inLanguage\":\"es\",\"potentialAction\":[{\"@type\":\"ReadAction\",\"target\":[\"https:\\\/\\\/robertolopezmartin.com\\\/?page_id=198\"]}]},{\"@type\":\"BreadcrumbList\",\"@id\":\"https:\\\/\\\/robertolopezmartin.com\\\/?page_id=198#breadcrumb\",\"itemListElement\":[{\"@type\":\"ListItem\",\"position\":1,\"name\":\"Portada\",\"item\":\"https:\\\/\\\/robertolopezmartin.com\\\/\"},{\"@type\":\"ListItem\",\"position\":2,\"name\":\"\u00a1Juegue con ellos! Dele Ud. Tambi\u00e9n es un peluche\\\/ Serie Momentos familiares \\\/Play with them! Give you a stuffed animal is also\\\/SERIES FAMILY MOMENTS\"}]},{\"@type\":\"WebSite\",\"@id\":\"https:\\\/\\\/robertolopezmartin.com\\\/#website\",\"url\":\"https:\\\/\\\/robertolopezmartin.com\\\/\",\"name\":\"Roberto L\u00f3pez Mart\u00edn\",\"description\":\"Artista Pl\u00e1stico\",\"potentialAction\":[{\"@type\":\"SearchAction\",\"target\":{\"@type\":\"EntryPoint\",\"urlTemplate\":\"https:\\\/\\\/robertolopezmartin.com\\\/?s={search_term_string}\"},\"query-input\":{\"@type\":\"PropertyValueSpecification\",\"valueRequired\":true,\"valueName\":\"search_term_string\"}}],\"inLanguage\":\"es\"}]}<\/script>\n<!-- \/ Yoast SEO plugin. -->","yoast_head_json":{"title":"\u00a1Juegue con ellos! Dele Ud. Tambi\u00e9n es un peluche\/ Serie Momentos familiares \/Play with them! Give you a stuffed animal is also\/SERIES FAMILY MOMENTS - Roberto L\u00f3pez Mart\u00edn","robots":{"index":"index","follow":"follow","max-snippet":"max-snippet:-1","max-image-preview":"max-image-preview:large","max-video-preview":"max-video-preview:-1"},"canonical":"https:\/\/robertolopezmartin.com\/?page_id=198","og_locale":"es_ES","og_type":"article","og_title":"\u00a1Juegue con ellos! Dele Ud. Tambi\u00e9n es un peluche\/ Serie Momentos familiares \/Play with them! Give you a stuffed animal is also\/SERIES FAMILY MOMENTS - Roberto L\u00f3pez Mart\u00edn","og_description":"Volver a acceder a estas fotograf\u00edas supuso enfrentarse con un archivo de&hellip; Continuar leyendo &ldquo;\u00a1Juegue con ellos! Dele Ud. Tambi\u00e9n es un peluche\/ Serie Momentos familiares \/Play with them! Give you a stuffed animal is also\/SERIES FAMILY MOMENTS&rdquo;&hellip;","og_url":"https:\/\/robertolopezmartin.com\/?page_id=198","og_site_name":"Roberto L\u00f3pez Mart\u00edn","article_modified_time":"2017-09-04T23:14:08+00:00","og_image":[{"url":"https:\/\/robertolopezmartin.com\/wp-content\/uploads\/2014\/02\/Imagen1-150x150.jpg","type":"","width":"","height":""}],"twitter_card":"summary_large_image","twitter_misc":{"Tiempo de lectura":"1 minuto"},"schema":{"@context":"https:\/\/schema.org","@graph":[{"@type":"WebPage","@id":"https:\/\/robertolopezmartin.com\/?page_id=198","url":"https:\/\/robertolopezmartin.com\/?page_id=198","name":"\u00a1Juegue con ellos! Dele Ud. Tambi\u00e9n es un peluche\/ Serie Momentos familiares \/Play with them! Give you a stuffed animal is also\/SERIES FAMILY MOMENTS - Roberto L\u00f3pez Mart\u00edn","isPartOf":{"@id":"https:\/\/robertolopezmartin.com\/#website"},"datePublished":"2012-04-25T20:16:01+00:00","dateModified":"2017-09-04T23:14:08+00:00","breadcrumb":{"@id":"https:\/\/robertolopezmartin.com\/?page_id=198#breadcrumb"},"inLanguage":"es","potentialAction":[{"@type":"ReadAction","target":["https:\/\/robertolopezmartin.com\/?page_id=198"]}]},{"@type":"BreadcrumbList","@id":"https:\/\/robertolopezmartin.com\/?page_id=198#breadcrumb","itemListElement":[{"@type":"ListItem","position":1,"name":"Portada","item":"https:\/\/robertolopezmartin.com\/"},{"@type":"ListItem","position":2,"name":"\u00a1Juegue con ellos! Dele Ud. Tambi\u00e9n es un peluche\/ Serie Momentos familiares \/Play with them! Give you a stuffed animal is also\/SERIES FAMILY MOMENTS"}]},{"@type":"WebSite","@id":"https:\/\/robertolopezmartin.com\/#website","url":"https:\/\/robertolopezmartin.com\/","name":"Roberto L\u00f3pez Mart\u00edn","description":"Artista Pl\u00e1stico","potentialAction":[{"@type":"SearchAction","target":{"@type":"EntryPoint","urlTemplate":"https:\/\/robertolopezmartin.com\/?s={search_term_string}"},"query-input":{"@type":"PropertyValueSpecification","valueRequired":true,"valueName":"search_term_string"}}],"inLanguage":"es"}]}},"_links":{"self":[{"href":"https:\/\/robertolopezmartin.com\/index.php?rest_route=\/wp\/v2\/pages\/198","targetHints":{"allow":["GET"]}}],"collection":[{"href":"https:\/\/robertolopezmartin.com\/index.php?rest_route=\/wp\/v2\/pages"}],"about":[{"href":"https:\/\/robertolopezmartin.com\/index.php?rest_route=\/wp\/v2\/types\/page"}],"author":[{"embeddable":true,"href":"https:\/\/robertolopezmartin.com\/index.php?rest_route=\/wp\/v2\/users\/1"}],"replies":[{"embeddable":true,"href":"https:\/\/robertolopezmartin.com\/index.php?rest_route=%2Fwp%2Fv2%2Fcomments&post=198"}],"version-history":[{"count":0,"href":"https:\/\/robertolopezmartin.com\/index.php?rest_route=\/wp\/v2\/pages\/198\/revisions"}],"wp:attachment":[{"href":"https:\/\/robertolopezmartin.com\/index.php?rest_route=%2Fwp%2Fv2%2Fmedia&parent=198"}],"curies":[{"name":"wp","href":"https:\/\/api.w.org\/{rel}","templated":true}]}}