{"id":13,"date":"2012-03-16T15:04:18","date_gmt":"2012-03-16T14:04:18","guid":{"rendered":"http:\/\/robertolopezmartin.com\/?page_id=13"},"modified":"2025-08-19T17:37:16","modified_gmt":"2025-08-19T16:37:16","slug":"contacto-contact","status":"publish","type":"page","link":"https:\/\/robertolopezmartin.com\/","title":{"rendered":"Contacto \/ Contact"},"content":{"rendered":"<p>&nbsp;<\/p>\n<p>Tel:\u00a0 +34 619858100<\/p>\n<p>Email:roberto.lopez.mtn@gmail.com<\/p>\n","protected":false},"excerpt":{"rendered":"<div class=\"entry-summary\">\n&nbsp; Tel:\u00a0 +34 619858100 Email:roberto.lopez.mtn@gmail.com\n<\/div>\n<div class=\"link-more\"><a href=\"https:\/\/robertolopezmartin.com\/\" class=\"more-link\">Continuar leyendo<span class=\"screen-reader-text\"> &ldquo;Contacto \/ Contact&rdquo;<\/span>&hellip;<\/a><\/div>\n","protected":false},"author":1,"featured_media":0,"parent":0,"menu_order":0,"comment_status":"closed","ping_status":"closed","template":"","meta":{"footnotes":""},"class_list":["post-13","page","type-page","status-publish","hentry","entry"],"yoast_head":"<!-- This site is optimized with the Yoast SEO plugin v27.5 - https:\/\/yoast.com\/product\/yoast-seo-wordpress\/ -->\n<title>Contacto \/ Contact - %<\/title>\n<meta name=\"description\" content=\"Pagina Personal del Artista Pl\u00e1stico Roberto L\u00f3pez Mart\u00edn donde encontrar\u00e1s noticias, exposiciones y todos sus trabajos.\" \/>\n<meta name=\"robots\" content=\"index, follow, max-snippet:-1, max-image-preview:large, max-video-preview:-1\" \/>\n<link rel=\"canonical\" href=\"https:\/\/robertolopezmartin.com\/\" \/>\n<meta property=\"og:locale\" content=\"es_ES\" \/>\n<meta property=\"og:type\" content=\"article\" \/>\n<meta property=\"og:title\" content=\"Contacto \/ Contact - %\" \/>\n<meta property=\"og:description\" content=\"Pagina Personal del Artista Pl\u00e1stico Roberto L\u00f3pez Mart\u00edn donde encontrar\u00e1s noticias, exposiciones y todos sus trabajos.\" \/>\n<meta property=\"og:url\" content=\"https:\/\/robertolopezmartin.com\/\" \/>\n<meta property=\"og:site_name\" content=\"Roberto L\u00f3pez Mart\u00edn\" \/>\n<meta property=\"article:modified_time\" content=\"2025-08-19T16:37:16+00:00\" \/>\n<meta name=\"twitter:card\" content=\"summary_large_image\" \/>\n<meta name=\"twitter:label1\" content=\"Tiempo de lectura\" \/>\n\t<meta name=\"twitter:data1\" content=\"1 minuto\" \/>\n<script type=\"application\/ld+json\" class=\"yoast-schema-graph\">{\"@context\":\"https:\\\/\\\/schema.org\",\"@graph\":[{\"@type\":\"WebPage\",\"@id\":\"https:\\\/\\\/robertolopezmartin.com\\\/\",\"url\":\"https:\\\/\\\/robertolopezmartin.com\\\/\",\"name\":\"Contacto \\\/ Contact - %\",\"isPartOf\":{\"@id\":\"https:\\\/\\\/robertolopezmartin.com\\\/#website\"},\"datePublished\":\"2012-03-16T14:04:18+00:00\",\"dateModified\":\"2025-08-19T16:37:16+00:00\",\"description\":\"Pagina Personal del Artista Pl\u00e1stico Roberto L\u00f3pez Mart\u00edn donde encontrar\u00e1s noticias, exposiciones y todos sus trabajos.\",\"breadcrumb\":{\"@id\":\"https:\\\/\\\/robertolopezmartin.com\\\/#breadcrumb\"},\"inLanguage\":\"es\",\"potentialAction\":[{\"@type\":\"ReadAction\",\"target\":[\"https:\\\/\\\/robertolopezmartin.com\\\/\"]}]},{\"@type\":\"BreadcrumbList\",\"@id\":\"https:\\\/\\\/robertolopezmartin.com\\\/#breadcrumb\",\"itemListElement\":[{\"@type\":\"ListItem\",\"position\":1,\"name\":\"Portada\",\"item\":\"https:\\\/\\\/robertolopezmartin.com\\\/\"},{\"@type\":\"ListItem\",\"position\":2,\"name\":\"Contacto \\\/ Contact\"}]},{\"@type\":\"WebSite\",\"@id\":\"https:\\\/\\\/robertolopezmartin.com\\\/#website\",\"url\":\"https:\\\/\\\/robertolopezmartin.com\\\/\",\"name\":\"Roberto L\u00f3pez Mart\u00edn\",\"description\":\"Artista Pl\u00e1stico\",\"potentialAction\":[{\"@type\":\"SearchAction\",\"target\":{\"@type\":\"EntryPoint\",\"urlTemplate\":\"https:\\\/\\\/robertolopezmartin.com\\\/?s={search_term_string}\"},\"query-input\":{\"@type\":\"PropertyValueSpecification\",\"valueRequired\":true,\"valueName\":\"search_term_string\"}}],\"inLanguage\":\"es\"}]}<\/script>\n<!-- \/ Yoast SEO plugin. -->","yoast_head_json":{"title":"Contacto \/ Contact - %","description":"Pagina Personal del Artista Pl\u00e1stico Roberto L\u00f3pez Mart\u00edn donde encontrar\u00e1s noticias, exposiciones y todos sus trabajos.","robots":{"index":"index","follow":"follow","max-snippet":"max-snippet:-1","max-image-preview":"max-image-preview:large","max-video-preview":"max-video-preview:-1"},"canonical":"https:\/\/robertolopezmartin.com\/","og_locale":"es_ES","og_type":"article","og_title":"Contacto \/ Contact - %","og_description":"Pagina Personal del Artista Pl\u00e1stico Roberto L\u00f3pez Mart\u00edn donde encontrar\u00e1s noticias, exposiciones y todos sus trabajos.","og_url":"https:\/\/robertolopezmartin.com\/","og_site_name":"Roberto L\u00f3pez Mart\u00edn","article_modified_time":"2025-08-19T16:37:16+00:00","twitter_card":"summary_large_image","twitter_misc":{"Tiempo de lectura":"1 minuto"},"schema":{"@context":"https:\/\/schema.org","@graph":[{"@type":"WebPage","@id":"https:\/\/robertolopezmartin.com\/","url":"https:\/\/robertolopezmartin.com\/","name":"Contacto \/ Contact - %","isPartOf":{"@id":"https:\/\/robertolopezmartin.com\/#website"},"datePublished":"2012-03-16T14:04:18+00:00","dateModified":"2025-08-19T16:37:16+00:00","description":"Pagina Personal del Artista Pl\u00e1stico Roberto L\u00f3pez Mart\u00edn donde encontrar\u00e1s noticias, exposiciones y todos sus trabajos.","breadcrumb":{"@id":"https:\/\/robertolopezmartin.com\/#breadcrumb"},"inLanguage":"es","potentialAction":[{"@type":"ReadAction","target":["https:\/\/robertolopezmartin.com\/"]}]},{"@type":"BreadcrumbList","@id":"https:\/\/robertolopezmartin.com\/#breadcrumb","itemListElement":[{"@type":"ListItem","position":1,"name":"Portada","item":"https:\/\/robertolopezmartin.com\/"},{"@type":"ListItem","position":2,"name":"Contacto \/ Contact"}]},{"@type":"WebSite","@id":"https:\/\/robertolopezmartin.com\/#website","url":"https:\/\/robertolopezmartin.com\/","name":"Roberto L\u00f3pez Mart\u00edn","description":"Artista Pl\u00e1stico","potentialAction":[{"@type":"SearchAction","target":{"@type":"EntryPoint","urlTemplate":"https:\/\/robertolopezmartin.com\/?s={search_term_string}"},"query-input":{"@type":"PropertyValueSpecification","valueRequired":true,"valueName":"search_term_string"}}],"inLanguage":"es"}]}},"_links":{"self":[{"href":"https:\/\/robertolopezmartin.com\/index.php?rest_route=\/wp\/v2\/pages\/13","targetHints":{"allow":["GET"]}}],"collection":[{"href":"https:\/\/robertolopezmartin.com\/index.php?rest_route=\/wp\/v2\/pages"}],"about":[{"href":"https:\/\/robertolopezmartin.com\/index.php?rest_route=\/wp\/v2\/types\/page"}],"author":[{"embeddable":true,"href":"https:\/\/robertolopezmartin.com\/index.php?rest_route=\/wp\/v2\/users\/1"}],"replies":[{"embeddable":true,"href":"https:\/\/robertolopezmartin.com\/index.php?rest_route=%2Fwp%2Fv2%2Fcomments&post=13"}],"version-history":[{"count":0,"href":"https:\/\/robertolopezmartin.com\/index.php?rest_route=\/wp\/v2\/pages\/13\/revisions"}],"wp:attachment":[{"href":"https:\/\/robertolopezmartin.com\/index.php?rest_route=%2Fwp%2Fv2%2Fmedia&parent=13"}],"curies":[{"name":"wp","href":"https:\/\/api.w.org\/{rel}","templated":true}]}}