{"id":10,"date":"2012-03-16T15:03:45","date_gmt":"2012-03-16T14:03:45","guid":{"rendered":"http:\/\/robertolopezmartin.com\/?page_id=10"},"modified":"2017-09-05T00:14:22","modified_gmt":"2017-09-04T23:14:22","slug":"video-performance","status":"publish","type":"page","link":"https:\/\/robertolopezmartin.com\/?page_id=10","title":{"rendered":"Video-Performance"},"content":{"rendered":"<p><iframe loading=\"lazy\" width=\"420\" height=\"315\" src=\"http:\/\/www.youtube.com\/embed\/NsIc7T8Fd80\" frameborder=\"0\" allowfullscreen><\/iframe><\/p>\n<p><strong>\u201cDonde Juegan los C\u00f3digos\u201d<\/strong><\/p>\n<p>Reportaje.<\/p>\n<p>Autor: Sermadridsur.com<br \/>\n&nbsp;<\/p>\n<p><iframe loading=\"lazy\" width=\"420\" height=\"315\" src=\"http:\/\/www.youtube.com\/embed\/GvmZpe15zCo\" frameborder=\"0\" allowfullscreen><\/iframe><\/p>\n<p><strong>\u201cRenovaci\u00f3n\u201d<\/strong><\/p>\n<p>Video performance experimental.<\/p>\n<p>Autor: Roberto L\u00f3pez Mart\u00edn<\/p>\n<p><iframe loading=\"lazy\" width=\"420\" height=\"315\" src=\"http:\/\/www.youtube.com\/embed\/zfhtpJ7-F-0\" frameborder=\"0\" allowfullscreen><\/iframe><\/p>\n<p><strong>\u201cEscuchas\u201d<\/strong><\/p>\n<p>Video performance experimental.<\/p>\n<p>Autor: Roberto L\u00f3pez Mart\u00edn<\/p>\n<p><iframe loading=\"lazy\" width=\"420\" height=\"315\" src=\"http:\/\/www.youtube.com\/embed\/lKZXXY5gaMY\" frameborder=\"0\" allowfullscreen><\/iframe><\/p>\n<p><strong>\u201cSEXR MEDIO\u201d<\/strong><\/p>\n<p>Video performance experimental.<\/p>\n<p>Autor: Roberto L\u00f3pez Mart\u00edn<\/p>\n<p><iframe loading=\"lazy\" width=\"420\" height=\"315\" src=\"http:\/\/www.youtube.com\/embed\/aQLBBbfjbYE\" frameborder=\"0\" allowfullscreen><\/iframe><\/p>\n<p><strong>\u201cMICROCOSMOS\u201d<\/strong><\/p>\n<p>Video experimental.<\/p>\n<p>Autor: Roberto L\u00f3pez Mart\u00edn<\/p>\n","protected":false},"excerpt":{"rendered":"<div class=\"entry-summary\">\n\u201cDonde Juegan los C\u00f3digos\u201d Reportaje. Autor: Sermadridsur.com &nbsp; \u201cRenovaci\u00f3n\u201d Video performance experimental.&hellip;\n<\/div>\n<div class=\"link-more\"><a href=\"https:\/\/robertolopezmartin.com\/?page_id=10\" class=\"more-link\">Continuar leyendo<span class=\"screen-reader-text\"> &ldquo;Video-Performance&rdquo;<\/span>&hellip;<\/a><\/div>\n","protected":false},"author":1,"featured_media":0,"parent":0,"menu_order":0,"comment_status":"closed","ping_status":"closed","template":"","meta":{"footnotes":""},"class_list":["post-10","page","type-page","status-publish","hentry","entry"],"yoast_head":"<!-- This site is optimized with the Yoast SEO plugin v27.5 - https:\/\/yoast.com\/product\/yoast-seo-wordpress\/ -->\n<title>Video-Performance - Roberto L\u00f3pez Mart\u00edn<\/title>\n<meta name=\"robots\" content=\"index, follow, max-snippet:-1, max-image-preview:large, max-video-preview:-1\" \/>\n<link rel=\"canonical\" href=\"https:\/\/robertolopezmartin.com\/?page_id=10\" \/>\n<meta property=\"og:locale\" content=\"es_ES\" \/>\n<meta property=\"og:type\" content=\"article\" \/>\n<meta property=\"og:title\" content=\"Video-Performance - Roberto L\u00f3pez Mart\u00edn\" \/>\n<meta property=\"og:description\" content=\"\u201cDonde Juegan los C\u00f3digos\u201d Reportaje. Autor: Sermadridsur.com &nbsp; \u201cRenovaci\u00f3n\u201d Video performance experimental.&hellip; Continuar leyendo &ldquo;Video-Performance&rdquo;&hellip;\" \/>\n<meta property=\"og:url\" content=\"https:\/\/robertolopezmartin.com\/?page_id=10\" \/>\n<meta property=\"og:site_name\" content=\"Roberto L\u00f3pez Mart\u00edn\" \/>\n<meta property=\"article:modified_time\" content=\"2017-09-04T23:14:22+00:00\" \/>\n<meta name=\"twitter:card\" content=\"summary_large_image\" \/>\n<script type=\"application\/ld+json\" class=\"yoast-schema-graph\">{\"@context\":\"https:\\\/\\\/schema.org\",\"@graph\":[{\"@type\":\"WebPage\",\"@id\":\"https:\\\/\\\/robertolopezmartin.com\\\/?page_id=10\",\"url\":\"https:\\\/\\\/robertolopezmartin.com\\\/?page_id=10\",\"name\":\"Video-Performance - Roberto L\u00f3pez Mart\u00edn\",\"isPartOf\":{\"@id\":\"https:\\\/\\\/robertolopezmartin.com\\\/#website\"},\"datePublished\":\"2012-03-16T14:03:45+00:00\",\"dateModified\":\"2017-09-04T23:14:22+00:00\",\"breadcrumb\":{\"@id\":\"https:\\\/\\\/robertolopezmartin.com\\\/?page_id=10#breadcrumb\"},\"inLanguage\":\"es\",\"potentialAction\":[{\"@type\":\"ReadAction\",\"target\":[\"https:\\\/\\\/robertolopezmartin.com\\\/?page_id=10\"]}]},{\"@type\":\"BreadcrumbList\",\"@id\":\"https:\\\/\\\/robertolopezmartin.com\\\/?page_id=10#breadcrumb\",\"itemListElement\":[{\"@type\":\"ListItem\",\"position\":1,\"name\":\"Portada\",\"item\":\"https:\\\/\\\/robertolopezmartin.com\\\/\"},{\"@type\":\"ListItem\",\"position\":2,\"name\":\"Video-Performance\"}]},{\"@type\":\"WebSite\",\"@id\":\"https:\\\/\\\/robertolopezmartin.com\\\/#website\",\"url\":\"https:\\\/\\\/robertolopezmartin.com\\\/\",\"name\":\"Roberto L\u00f3pez Mart\u00edn\",\"description\":\"Artista Pl\u00e1stico\",\"potentialAction\":[{\"@type\":\"SearchAction\",\"target\":{\"@type\":\"EntryPoint\",\"urlTemplate\":\"https:\\\/\\\/robertolopezmartin.com\\\/?s={search_term_string}\"},\"query-input\":{\"@type\":\"PropertyValueSpecification\",\"valueRequired\":true,\"valueName\":\"search_term_string\"}}],\"inLanguage\":\"es\"}]}<\/script>\n<!-- \/ Yoast SEO plugin. -->","yoast_head_json":{"title":"Video-Performance - Roberto L\u00f3pez Mart\u00edn","robots":{"index":"index","follow":"follow","max-snippet":"max-snippet:-1","max-image-preview":"max-image-preview:large","max-video-preview":"max-video-preview:-1"},"canonical":"https:\/\/robertolopezmartin.com\/?page_id=10","og_locale":"es_ES","og_type":"article","og_title":"Video-Performance - Roberto L\u00f3pez Mart\u00edn","og_description":"\u201cDonde Juegan los C\u00f3digos\u201d Reportaje. Autor: Sermadridsur.com &nbsp; \u201cRenovaci\u00f3n\u201d Video performance experimental.&hellip; Continuar leyendo &ldquo;Video-Performance&rdquo;&hellip;","og_url":"https:\/\/robertolopezmartin.com\/?page_id=10","og_site_name":"Roberto L\u00f3pez Mart\u00edn","article_modified_time":"2017-09-04T23:14:22+00:00","twitter_card":"summary_large_image","schema":{"@context":"https:\/\/schema.org","@graph":[{"@type":"WebPage","@id":"https:\/\/robertolopezmartin.com\/?page_id=10","url":"https:\/\/robertolopezmartin.com\/?page_id=10","name":"Video-Performance - Roberto L\u00f3pez Mart\u00edn","isPartOf":{"@id":"https:\/\/robertolopezmartin.com\/#website"},"datePublished":"2012-03-16T14:03:45+00:00","dateModified":"2017-09-04T23:14:22+00:00","breadcrumb":{"@id":"https:\/\/robertolopezmartin.com\/?page_id=10#breadcrumb"},"inLanguage":"es","potentialAction":[{"@type":"ReadAction","target":["https:\/\/robertolopezmartin.com\/?page_id=10"]}]},{"@type":"BreadcrumbList","@id":"https:\/\/robertolopezmartin.com\/?page_id=10#breadcrumb","itemListElement":[{"@type":"ListItem","position":1,"name":"Portada","item":"https:\/\/robertolopezmartin.com\/"},{"@type":"ListItem","position":2,"name":"Video-Performance"}]},{"@type":"WebSite","@id":"https:\/\/robertolopezmartin.com\/#website","url":"https:\/\/robertolopezmartin.com\/","name":"Roberto L\u00f3pez Mart\u00edn","description":"Artista Pl\u00e1stico","potentialAction":[{"@type":"SearchAction","target":{"@type":"EntryPoint","urlTemplate":"https:\/\/robertolopezmartin.com\/?s={search_term_string}"},"query-input":{"@type":"PropertyValueSpecification","valueRequired":true,"valueName":"search_term_string"}}],"inLanguage":"es"}]}},"_links":{"self":[{"href":"https:\/\/robertolopezmartin.com\/index.php?rest_route=\/wp\/v2\/pages\/10","targetHints":{"allow":["GET"]}}],"collection":[{"href":"https:\/\/robertolopezmartin.com\/index.php?rest_route=\/wp\/v2\/pages"}],"about":[{"href":"https:\/\/robertolopezmartin.com\/index.php?rest_route=\/wp\/v2\/types\/page"}],"author":[{"embeddable":true,"href":"https:\/\/robertolopezmartin.com\/index.php?rest_route=\/wp\/v2\/users\/1"}],"replies":[{"embeddable":true,"href":"https:\/\/robertolopezmartin.com\/index.php?rest_route=%2Fwp%2Fv2%2Fcomments&post=10"}],"version-history":[{"count":0,"href":"https:\/\/robertolopezmartin.com\/index.php?rest_route=\/wp\/v2\/pages\/10\/revisions"}],"wp:attachment":[{"href":"https:\/\/robertolopezmartin.com\/index.php?rest_route=%2Fwp%2Fv2%2Fmedia&parent=10"}],"curies":[{"name":"wp","href":"https:\/\/api.w.org\/{rel}","templated":true}]}}